{"id":1505,"date":"2019-06-19T09:28:09","date_gmt":"2019-06-19T09:28:09","guid":{"rendered":"http:\/\/www.emades.ubi.pt\/?page_id=1505"},"modified":"2021-07-06T08:34:24","modified_gmt":"2021-07-06T08:34:24","slug":"link-otimizacao-de-produtos-e-inovacao-tecnologica-incluindo-recursos-endogenos","status":"publish","type":"page","link":"https:\/\/emades.ubi.pt\/index.php\/equipa\/comunicacoes\/link-otimizacao-de-produtos-e-inovacao-tecnologica-incluindo-recursos-endogenos\/","title":{"rendered":"Otimiza\u00e7\u00e3o de produtos e inova\u00e7\u00e3o tecnol\u00f3gica incluindo recursos end\u00f3genos"},"content":{"rendered":"<h3>Comunica\u00e7\u00f5es<\/h3>\n<h3>2020<\/h3>\n<p>&gt;Garcez, A. P. B., da Silva, R. M., T.D. Felgueiras Miranda Lima,\u00a0\u00a0M.J. Batista<br \/>\nFranco ,\u00a0Santos, F. C. (2020)\u00a0Paradox of Firm Theory and Sustainable<br \/>\nDevelopment in the Mining Industry: Approximation through the managing<br \/>\nleader &#8211; IJCIEOM 20\/21 &#8211; Rio de janeiro<\/p>\n<p>&gt;Charrua-Santos, F; Santos, B. P.; Enrique, D. V.; Alberto, A.; Bibete, H; Osorio, Gerardo J.; Lima, T. M., (2020) &#8220;An Overview of Lean Production and Industry 4.0 in Different Context&#8221;, 9th International Conference on Industrial Technology and Management, Oxford. \u00a0DOI:10.1109\/icitm48982.2020.9080386<\/p>\n<p>&gt;Chouchene, Amal; Carvalho, Adriana; Lima, Tania M.; Charrua-Santos, Fernando; Osorio, Gerardo J.; Barhoumi, Walid. (2020) &#8220;Artificial Intelligence for Product Quality Inspection toward Smart Industries: Quality Control of Vehicle Non-Conformities&#8221;. 9th International Conference on Industrial Technology and Management (ICITM), Oxford. Doi:10.1109\/icitm48982.2020.9080396<\/p>\n<h3>2019<\/h3>\n<p>&gt;Jo\u00e3o Druczkoski; Marco Dias; Pedro Barandier; T\u00e2nia Lima; Pedro D. Gaspar; Charrua-Santos, Fernando. (2019) &#8220;Decision Support System for the Use of Energy Souces and Pollutant Emissions&#8221;. International congress in Engineering &#8211; Engineering for evolution, Covilh\u00e3.<\/p>\n<p>&gt;Vin\u00edcius Maciel; Cl\u00e1udia Matos; T\u00e2nia M. Lima; P.D. Gaspar; Charrua-Santos, Fernando. (2019) &#8220;Decision Support System to Assign Food Prices Rebates on the Basis of Quality Decline&#8221;. International congress in Engineering &#8211; Engineering for evolution, Covilh\u00e3.<\/p>\n<p>&gt;Agostinho Alberto; T\u00e2nia M. Lima; Charrua-Santos, Fernando. (2019) &#8220;Lean Banking Applications to Identify Wastes in the Credit Process: Case Study Banco de Poupan\u00e7a e Cr\u00e9dito the Angola&#8221;. International congress in Engineering &#8211; Engineering for evolution, Covilh\u00e3.<\/p>\n<p>&gt;Carvalho, A.; Charrua-Santos, F.; Lima, T.M.. (2019)\u00a0\u00a0&#8220;Augmented reality in industrial applications: Technologies and challenges&#8221;. 3rd Eu International Conference on Industrial Engineering and Operations Management,IEOM 2019, Pilsen.<\/p>\n<p>&gt;Pereira, Andreia G.; Lima, T\u00e2nia M.; Charrua-Santos, Fernando.(2019)\u00a0\u00a0&#8220;Society 5.0 as a Result of the Technological Evolution: Historical Approach&#8221;. 1st International Conference on Human Interaction and Emerging Technologies, Nice. Doi:10.1007\/978-3-030-25629-6_109<\/p>\n<p>&gt; Alves, P, Silvestre, M. A. R., Gamboa, P. V. . Aircraft Propellers, an outdated innovation? International Congress on Engineering, ICEUBI 2019.<\/p>\n<p>&gt; Rebelo, J. M. G., Silvestre, M. A. R. . Development of a Modular Controller to Minimize Current Ripple in Low Inductance Coreless Permanent Magnet Motor. International Congress on Engineering, ICEUBI 2019.<\/p>\n<p>&gt; Ros\u00e1rio, S., et al.. Levels of psychosocial risk factors for health in each of the Portuguese long version of COPSOQ II scales. 7th International Workshop on the Copenhagen Psychosocial Questionnaire \u2013 COPSOQ, Istanbul, Turkey- 17-18 October. Organized by Istanbul Medical Chamber, COPSOQ International Network and Dokuz Eylul University Occupational Health Center.<\/p>\n<p>&gt; Ros\u00e1rio, S., et al. .The influence of the psychosocial factors on the Portuguese workers \u0301 health and well-being. 7th International Workshop on the Copenhagen Psychosocial Questionnaire \u2013 COPSOQ, Istanbul, Turkey- 17-18 October. Organized by Istanbul Medical Chamber, COPSOQ International Network and Dokuz Eylul University Occupational Health Center.<\/p>\n<p>&nbsp;<\/p>\n","protected":false},"excerpt":{"rendered":"<p>Comunica\u00e7\u00f5es 2020 &gt;Garcez, A. P. B., da Silva, R. M., T.D. Felgueiras Miranda Lima,\u00a0\u00a0M.J. Batista Franco ,\u00a0Santos, F. C. (2020)\u00a0Paradox of Firm Theory and Sustainable Development in the Mining Industry: Approximation through the managing leader &#8211; IJCIEOM 20\/21 &#8211; Rio de janeiro &gt;Charrua-Santos, F; Santos, B. P.; Enrique, D. V.; Alberto, A.; Bibete, H; Osorio,&hellip;<\/p>\n","protected":false},"author":1,"featured_media":0,"parent":67,"menu_order":0,"comment_status":"closed","ping_status":"closed","template":"","meta":[],"_links":{"self":[{"href":"https:\/\/emades.ubi.pt\/index.php\/wp-json\/wp\/v2\/pages\/1505"}],"collection":[{"href":"https:\/\/emades.ubi.pt\/index.php\/wp-json\/wp\/v2\/pages"}],"about":[{"href":"https:\/\/emades.ubi.pt\/index.php\/wp-json\/wp\/v2\/types\/page"}],"author":[{"embeddable":true,"href":"https:\/\/emades.ubi.pt\/index.php\/wp-json\/wp\/v2\/users\/1"}],"replies":[{"embeddable":true,"href":"https:\/\/emades.ubi.pt\/index.php\/wp-json\/wp\/v2\/comments?post=1505"}],"version-history":[{"count":6,"href":"https:\/\/emades.ubi.pt\/index.php\/wp-json\/wp\/v2\/pages\/1505\/revisions"}],"predecessor-version":[{"id":1878,"href":"https:\/\/emades.ubi.pt\/index.php\/wp-json\/wp\/v2\/pages\/1505\/revisions\/1878"}],"up":[{"embeddable":true,"href":"https:\/\/emades.ubi.pt\/index.php\/wp-json\/wp\/v2\/pages\/67"}],"wp:attachment":[{"href":"https:\/\/emades.ubi.pt\/index.php\/wp-json\/wp\/v2\/media?parent=1505"}],"curies":[{"name":"wp","href":"https:\/\/api.w.org\/{rel}","templated":true}]}}