{"id":1846,"date":"2021-01-12T23:06:28","date_gmt":"2021-01-12T23:06:28","guid":{"rendered":"http:\/\/www.emades.ubi.pt\/?page_id=1846"},"modified":"2021-01-12T23:22:01","modified_gmt":"2021-01-12T23:22:01","slug":"patentes","status":"publish","type":"page","link":"https:\/\/emades.ubi.pt\/index.php\/equipa\/patentes\/","title":{"rendered":"Patentes"},"content":{"rendered":"\t\t<div data-elementor-type=\"wp-post\" data-elementor-id=\"1846\" class=\"elementor elementor-1846\">\n\t\t\t\t\t\t<section class=\"elementor-section elementor-top-section elementor-element elementor-element-9aec365 elementor-section-boxed elementor-section-height-default elementor-section-height-default\" data-id=\"9aec365\" data-element_type=\"section\">\n\t\t\t\t\t\t<div class=\"elementor-container elementor-column-gap-default\">\n\t\t\t\t\t<div class=\"elementor-column elementor-col-100 elementor-top-column elementor-element elementor-element-cfeed39\" data-id=\"cfeed39\" data-element_type=\"column\">\n\t\t\t<div class=\"elementor-widget-wrap elementor-element-populated\">\n\t\t\t\t\t\t<div class=\"elementor-element elementor-element-f65c714 elementor-widget elementor-widget-text-editor\" data-id=\"f65c714\" data-element_type=\"widget\" data-widget_type=\"text-editor.default\">\n\t\t\t\t<div class=\"elementor-widget-container\">\n\t\t\t\t\t\t\t<p><a href=\"http:\/\/www.emades.ubi.pt\/index.php\/equipa\/artigos-cientificos\/melhoria-da-eficiencia\/\">Melhoria da efici\u00eancia energ\u00e9tica em sistemas e m\u00e1quinas<\/a><\/p><p><a href=\"http:\/\/www.emades.ubi.pt\/index.php\/equipa\/artigos-cientificos\/materiais-avancados\/\">Materiais avan\u00e7ados <\/a><\/p><p><a href=\"http:\/\/www.emades.ubi.pt\/index.php\/equipa\/artigos-cientificos\/otimizacao-de-produtos\/\">Otimiza\u00e7\u00e3o de produtos e inova\u00e7\u00e3o tecnol\u00f3gica incluindo recursos end\u00f3genos<\/a><\/p>\t\t\t\t\t\t<\/div>\n\t\t\t\t<\/div>\n\t\t\t\t\t<\/div>\n\t\t<\/div>\n\t\t\t\t\t<\/div>\n\t\t<\/section>\n\t\t\t\t<section class=\"elementor-section elementor-top-section elementor-element elementor-element-c3aa29c elementor-section-boxed elementor-section-height-default elementor-section-height-default\" data-id=\"c3aa29c\" data-element_type=\"section\">\n\t\t\t\t\t\t<div class=\"elementor-container elementor-column-gap-default\">\n\t\t\t\t\t<div class=\"elementor-column elementor-col-33 elementor-top-column elementor-element elementor-element-95a3a3f\" data-id=\"95a3a3f\" data-element_type=\"column\">\n\t\t\t<div class=\"elementor-widget-wrap elementor-element-populated\">\n\t\t\t\t\t\t<div class=\"elementor-element elementor-element-a6e2f67 elementor-widget elementor-widget-image\" data-id=\"a6e2f67\" data-element_type=\"widget\" data-widget_type=\"image.default\">\n\t\t\t\t<div class=\"elementor-widget-container\">\n\t\t\t\t\t\t\t\t\t\t\t\t\t\t<a href=\"http:\/\/www.emades.ubi.pt\/index.php\/equipa\/patentes\/melhoria-da-eficiencia-energetica\/\">\n\t\t\t\t\t\t\t<img fetchpriority=\"high\" decoding=\"async\" width=\"399\" height=\"253\" src=\"https:\/\/emades.ubi.pt\/wp-content\/uploads\/2019\/04\/artigos_Prancheta-1.png\" class=\"attachment-large size-large wp-image-1224\" alt=\"\" srcset=\"https:\/\/emades.ubi.pt\/wp-content\/uploads\/2019\/04\/artigos_Prancheta-1.png 399w, https:\/\/emades.ubi.pt\/wp-content\/uploads\/2019\/04\/artigos_Prancheta-1-300x190.png 300w\" sizes=\"(max-width: 399px) 100vw, 399px\" \/>\t\t\t\t\t\t\t\t<\/a>\n\t\t\t\t\t\t\t\t\t\t\t\t\t<\/div>\n\t\t\t\t<\/div>\n\t\t\t\t\t<\/div>\n\t\t<\/div>\n\t\t\t\t<div class=\"elementor-column elementor-col-33 elementor-top-column elementor-element elementor-element-79a9203\" data-id=\"79a9203\" data-element_type=\"column\">\n\t\t\t<div class=\"elementor-widget-wrap elementor-element-populated\">\n\t\t\t\t\t\t<div class=\"elementor-element elementor-element-c230bfe elementor-widget elementor-widget-image\" data-id=\"c230bfe\" data-element_type=\"widget\" data-widget_type=\"image.default\">\n\t\t\t\t<div class=\"elementor-widget-container\">\n\t\t\t\t\t\t\t\t\t\t\t\t\t\t<a href=\"http:\/\/www.emades.ubi.pt\/index.php\/materiais\/\">\n\t\t\t\t\t\t\t<img decoding=\"async\" width=\"399\" height=\"253\" src=\"https:\/\/emades.ubi.pt\/wp-content\/uploads\/2019\/04\/artigos_Prancheta-1-co\u0301pia.png\" class=\"attachment-large size-large wp-image-1221\" alt=\"\" srcset=\"https:\/\/emades.ubi.pt\/wp-content\/uploads\/2019\/04\/artigos_Prancheta-1-co\u0301pia.png 399w, https:\/\/emades.ubi.pt\/wp-content\/uploads\/2019\/04\/artigos_Prancheta-1-co\u0301pia-300x190.png 300w\" sizes=\"(max-width: 399px) 100vw, 399px\" \/>\t\t\t\t\t\t\t\t<\/a>\n\t\t\t\t\t\t\t\t\t\t\t\t\t<\/div>\n\t\t\t\t<\/div>\n\t\t\t\t\t<\/div>\n\t\t<\/div>\n\t\t\t\t<div class=\"elementor-column elementor-col-33 elementor-top-column elementor-element elementor-element-5cf4b76\" data-id=\"5cf4b76\" data-element_type=\"column\">\n\t\t\t<div class=\"elementor-widget-wrap elementor-element-populated\">\n\t\t\t\t\t\t<div class=\"elementor-element elementor-element-029011d elementor-widget elementor-widget-image\" data-id=\"029011d\" data-element_type=\"widget\" data-widget_type=\"image.default\">\n\t\t\t\t<div class=\"elementor-widget-container\">\n\t\t\t\t\t\t\t\t\t\t\t\t\t\t<a href=\"http:\/\/www.emades.ubi.pt\/index.php\/otimizacao-produtos\/\">\n\t\t\t\t\t\t\t<img decoding=\"async\" width=\"399\" height=\"253\" src=\"https:\/\/emades.ubi.pt\/wp-content\/uploads\/2019\/04\/artigos_Prancheta-1-co\u0301pia-2.png\" class=\"attachment-large size-large wp-image-1223\" alt=\"\" srcset=\"https:\/\/emades.ubi.pt\/wp-content\/uploads\/2019\/04\/artigos_Prancheta-1-co\u0301pia-2.png 399w, https:\/\/emades.ubi.pt\/wp-content\/uploads\/2019\/04\/artigos_Prancheta-1-co\u0301pia-2-300x190.png 300w\" sizes=\"(max-width: 399px) 100vw, 399px\" \/>\t\t\t\t\t\t\t\t<\/a>\n\t\t\t\t\t\t\t\t\t\t\t\t\t<\/div>\n\t\t\t\t<\/div>\n\t\t\t\t\t<\/div>\n\t\t<\/div>\n\t\t\t\t\t<\/div>\n\t\t<\/section>\n\t\t\t\t<\/div>\n\t\t","protected":false},"excerpt":{"rendered":"<p>Melhoria da efici\u00eancia energ\u00e9tica em sistemas e m\u00e1quinas Materiais avan\u00e7ados Otimiza\u00e7\u00e3o de produtos e inova\u00e7\u00e3o tecnol\u00f3gica incluindo recursos end\u00f3genos<\/p>\n","protected":false},"author":1,"featured_media":0,"parent":16,"menu_order":0,"comment_status":"closed","ping_status":"closed","template":"","meta":[],"_links":{"self":[{"href":"https:\/\/emades.ubi.pt\/index.php\/wp-json\/wp\/v2\/pages\/1846"}],"collection":[{"href":"https:\/\/emades.ubi.pt\/index.php\/wp-json\/wp\/v2\/pages"}],"about":[{"href":"https:\/\/emades.ubi.pt\/index.php\/wp-json\/wp\/v2\/types\/page"}],"author":[{"embeddable":true,"href":"https:\/\/emades.ubi.pt\/index.php\/wp-json\/wp\/v2\/users\/1"}],"replies":[{"embeddable":true,"href":"https:\/\/emades.ubi.pt\/index.php\/wp-json\/wp\/v2\/comments?post=1846"}],"version-history":[{"count":6,"href":"https:\/\/emades.ubi.pt\/index.php\/wp-json\/wp\/v2\/pages\/1846\/revisions"}],"predecessor-version":[{"id":1860,"href":"https:\/\/emades.ubi.pt\/index.php\/wp-json\/wp\/v2\/pages\/1846\/revisions\/1860"}],"up":[{"embeddable":true,"href":"https:\/\/emades.ubi.pt\/index.php\/wp-json\/wp\/v2\/pages\/16"}],"wp:attachment":[{"href":"https:\/\/emades.ubi.pt\/index.php\/wp-json\/wp\/v2\/media?parent=1846"}],"curies":[{"name":"wp","href":"https:\/\/api.w.org\/{rel}","templated":true}]}}