{"id":1851,"date":"2021-01-12T23:14:54","date_gmt":"2021-01-12T23:14:54","guid":{"rendered":"http:\/\/www.emades.ubi.pt\/?page_id=1851"},"modified":"2021-01-12T23:28:10","modified_gmt":"2021-01-12T23:28:10","slug":"melhoria-da-eficiencia-energetica","status":"publish","type":"page","link":"https:\/\/emades.ubi.pt\/index.php\/equipa\/patentes\/melhoria-da-eficiencia-energetica\/","title":{"rendered":"Melhoria da efici\u00eancia energ\u00e9tica em sistemas e m\u00e1quinas"},"content":{"rendered":"<p><strong>2020<\/strong><\/p>\n<p>&gt;Mohammadmahdi Abdollahzadehsangroudi, Jos\u00e9 Carlos P\u00e1scoa Marques, Frederico Miguel FREIRE RODRIGUES. <a href=\"https:\/\/patents.google.com\/patent\/US20190193863A1\/en\">Ice detection\/protection and flow control system based on printing of dielectric barrier discharge sliding plasma actuators<\/a>. Publicada a 27\/06\/2019 com o n\u00famero US 2019 \/ 0193863 A1. Universidade da Beira Interior.<\/p>\n<p>&nbsp;<\/p>\n","protected":false},"excerpt":{"rendered":"<p>2020 &gt;Mohammadmahdi Abdollahzadehsangroudi, Jos\u00e9 Carlos P\u00e1scoa Marques, Frederico Miguel FREIRE RODRIGUES. Ice detection\/protection and flow control system based on printing of dielectric barrier discharge sliding plasma actuators. Publicada a 27\/06\/2019 com o n\u00famero US 2019 \/ 0193863 A1. Universidade da Beira Interior. &nbsp;<\/p>\n","protected":false},"author":1,"featured_media":0,"parent":1846,"menu_order":0,"comment_status":"closed","ping_status":"closed","template":"","meta":[],"_links":{"self":[{"href":"https:\/\/emades.ubi.pt\/index.php\/wp-json\/wp\/v2\/pages\/1851"}],"collection":[{"href":"https:\/\/emades.ubi.pt\/index.php\/wp-json\/wp\/v2\/pages"}],"about":[{"href":"https:\/\/emades.ubi.pt\/index.php\/wp-json\/wp\/v2\/types\/page"}],"author":[{"embeddable":true,"href":"https:\/\/emades.ubi.pt\/index.php\/wp-json\/wp\/v2\/users\/1"}],"replies":[{"embeddable":true,"href":"https:\/\/emades.ubi.pt\/index.php\/wp-json\/wp\/v2\/comments?post=1851"}],"version-history":[{"count":3,"href":"https:\/\/emades.ubi.pt\/index.php\/wp-json\/wp\/v2\/pages\/1851\/revisions"}],"predecessor-version":[{"id":1865,"href":"https:\/\/emades.ubi.pt\/index.php\/wp-json\/wp\/v2\/pages\/1851\/revisions\/1865"}],"up":[{"embeddable":true,"href":"https:\/\/emades.ubi.pt\/index.php\/wp-json\/wp\/v2\/pages\/1846"}],"wp:attachment":[{"href":"https:\/\/emades.ubi.pt\/index.php\/wp-json\/wp\/v2\/media?parent=1851"}],"curies":[{"name":"wp","href":"https:\/\/api.w.org\/{rel}","templated":true}]}}