{"id":1868,"date":"2021-01-12T23:35:51","date_gmt":"2021-01-12T23:35:51","guid":{"rendered":"http:\/\/www.emades.ubi.pt\/?page_id=1868"},"modified":"2021-01-12T23:39:36","modified_gmt":"2021-01-12T23:39:36","slug":"transferencia-de-conhecimento-e-tecnologia","status":"publish","type":"page","link":"https:\/\/emades.ubi.pt\/index.php\/sample-page\/transferencia-de-conhecimento-e-tecnologia\/","title":{"rendered":"Transfer\u00eancia de conhecimento e tecnologia"},"content":{"rendered":"<p>Ao longo do per\u00edodo de vig\u00eancia do EMaDeS, os seus investigadores estabeleceram uma rela\u00e7\u00e3o de transfer\u00eancia de conhecimento e tecnologia com algumas empresas\/institui\u00e7\u00f5es da Regi\u00e3o Centro.<\/p>\n<p>Empresas\/institui\u00e7\u00f5es da Regi\u00e3o Centro com as quais foi estabelecida uma rela\u00e7\u00e3o de transfer\u00eancia de conhecimento e tecnologia:<\/p>\n<ul>\n<li><strong>Penteadora (Unhais da Serra);<\/strong><\/li>\n<li><strong>Junta de Freguesia de Unhais da Serra;<\/strong><\/li>\n<li><strong>Ecol\u00e3;<\/strong><\/li>\n<li><strong>Funda\u00e7\u00e3o Inatel;<\/strong><\/li>\n<li><strong>Skiparque;<\/strong><\/li>\n<li><strong>Viveiros de trutas em Manteigas; <\/strong><\/li>\n<li><strong>H2otel;<\/strong><\/li>\n<li><strong>Airborne projects;<\/strong><\/li>\n<li><strong>Natura IMB Hotels;\u00a0<\/strong><strong>\u00a0\u00a0<\/strong><\/li>\n<li><strong>ACI &#8211; Automative\u00a0Compounding Industry, lda;<\/strong><\/li>\n<li><strong>JOALPE;<\/strong><\/li>\n<li><strong>ACI Portugal; <\/strong><\/li>\n<li><strong>Bresimar;<\/strong><\/li>\n<li><strong>Fitcom;<\/strong><\/li>\n<li><strong>Mecalbi; <\/strong><\/li>\n<li><strong>Schreiber;<\/strong><\/li>\n<li><strong>Sodecia;<\/strong><\/li>\n<li><strong>PSA Mangualde; <\/strong><\/li>\n<li><strong>Graphenest, S.A. <\/strong><\/li>\n<\/ul>\n","protected":false},"excerpt":{"rendered":"<p>Ao longo do per\u00edodo de vig\u00eancia do EMaDeS, os seus investigadores estabeleceram uma rela\u00e7\u00e3o de transfer\u00eancia de conhecimento e tecnologia com algumas empresas\/institui\u00e7\u00f5es da Regi\u00e3o Centro. Empresas\/institui\u00e7\u00f5es da Regi\u00e3o Centro com as quais foi estabelecida uma rela\u00e7\u00e3o de transfer\u00eancia de conhecimento e tecnologia: Penteadora (Unhais da Serra); Junta de Freguesia de Unhais da Serra; Ecol\u00e3;&hellip;<\/p>\n","protected":false},"author":1,"featured_media":0,"parent":2,"menu_order":0,"comment_status":"closed","ping_status":"closed","template":"","meta":[],"_links":{"self":[{"href":"https:\/\/emades.ubi.pt\/index.php\/wp-json\/wp\/v2\/pages\/1868"}],"collection":[{"href":"https:\/\/emades.ubi.pt\/index.php\/wp-json\/wp\/v2\/pages"}],"about":[{"href":"https:\/\/emades.ubi.pt\/index.php\/wp-json\/wp\/v2\/types\/page"}],"author":[{"embeddable":true,"href":"https:\/\/emades.ubi.pt\/index.php\/wp-json\/wp\/v2\/users\/1"}],"replies":[{"embeddable":true,"href":"https:\/\/emades.ubi.pt\/index.php\/wp-json\/wp\/v2\/comments?post=1868"}],"version-history":[{"count":4,"href":"https:\/\/emades.ubi.pt\/index.php\/wp-json\/wp\/v2\/pages\/1868\/revisions"}],"predecessor-version":[{"id":1873,"href":"https:\/\/emades.ubi.pt\/index.php\/wp-json\/wp\/v2\/pages\/1868\/revisions\/1873"}],"up":[{"embeddable":true,"href":"https:\/\/emades.ubi.pt\/index.php\/wp-json\/wp\/v2\/pages\/2"}],"wp:attachment":[{"href":"https:\/\/emades.ubi.pt\/index.php\/wp-json\/wp\/v2\/media?parent=1868"}],"curies":[{"name":"wp","href":"https:\/\/api.w.org\/{rel}","templated":true}]}}