{"id":343,"date":"2018-10-04T10:38:36","date_gmt":"2018-10-04T10:38:36","guid":{"rendered":"http:\/\/www.emades.ubi.pt\/?page_id=343"},"modified":"2021-01-12T22:34:13","modified_gmt":"2021-01-12T22:34:13","slug":"melhoria-da-eficiencia","status":"publish","type":"page","link":"https:\/\/emades.ubi.pt\/index.php\/equipa\/artigos-cientificos\/melhoria-da-eficiencia\/","title":{"rendered":"Melhoria da efici\u00eancia energ\u00e9tica em sistemas e m\u00e1quinas"},"content":{"rendered":"<p><strong>2020<\/strong><\/p>\n<p>&gt;R. Pendar, J. P\u00e1scoa (2020).Atomization and Spray Characteristics around an ERBS Using Various Operational Models and Conditions: Numerical Investigation. <em>International Journal of Heat and Mass Transfer.<\/em>161. <a href=\"https:\/\/doi.org\/10.1016\/j.ijheatmasstransfer.2020.120243\">https:\/\/doi.org\/10.1016\/j.ijheatmasstransfer.2020.120243<\/a>.<\/p>\n<p>&gt;M. Abdollahzadeh, F. Rodrigues, J. Pascoa (2020). Simultaneous Ice Detection and Removal Based on Dielectric Barrier Discharge Actuators. <em>Sensors and Actuators: A. Physical. <\/em>315<em>, 1-12. <\/em><a href=\"https:\/\/doi.org\/10.1016\/j.sna.2020.112361\">https:\/\/doi.org\/10.1016\/j.sna.2020.112361<\/a>.<\/p>\n<p>&gt;Frederico Rodrigues, Jos\u00e9 P\u00e1scoa (2020). Implementation of stair-shaped dielectric layers in micro and macro plasma actuators for increased efficiency and lifetime. <em>Journal of Fluids Engineering<\/em>.142, (10). <a href=\"https:\/\/doi.org\/10.1115\/1.4047800\">https:\/\/doi.org\/10.1115\/1.4047800<\/a>.<\/p>\n<p>&gt;N. Amanifard, M. Abdollahzadeh, H. Moayedi, J. Pascoa (2020). An explicit CFD model for the DBD plasma actuators using wall-jet similarity Approach. <em>Journal of Electrostatics.<\/em>107.<a href=\"https:\/\/doi.org\/10.1016\/j.elstat.2020.103497\">https:\/\/doi.org\/10.1016\/j.elstat.2020.103497<\/a>.<\/p>\n<p>&gt;R. Pendar, J. P\u00e1scoa (2020). Numerical modeling of the distribution of virus carrying saliva droplets during sneeze and cough. Physics of Fluids.32. <a href=\"https:\/\/doi.org\/10.1063\/5.0018432\">https:\/\/doi.org\/10.1063\/5.0018432<\/a>.<\/p>\n<p><strong>&gt;<\/strong>Frederico Rodrigues, M. Abdollahzadeh, Jos\u00e9 P\u00e1scoa (2020). Dielectric Barrier Discharge plasma acutators for active flow control, ice formation detection and ice accumulation prevention. <em>Conference: Fluids Engineering Division Summer Meeting<\/em>.DOI:10.1115\/FEDSM2020-20291.<\/p>\n<p>&gt;Frederico Rodrigues, Mehdi Habibnia, Jos\u00e9 P\u00e1scoa (2020). Novel propulsion system for VTOL aircraft based on cycloidal rotors coupled with wings. Conference: Fluids Engineering Division Summer Meeting. DOI: 10.1115\/FEDSM2020-20292.<\/p>\n<p>&gt;Filipe Dias, Carlos Xisto, Jos\u00e9 P\u00e1scoa (2020). Study on the Manipulation of Plasma Density around a Cubesat Using Magnetohydrodynamics. <em>KnE Engineering, <\/em>405-414<em>. <\/em>DOI 10.18502\/keg.v5i6.7057.<\/p>\n<p>&gt;M. Habibnia, F. Rodrigues, J. C. P\u00e1scoa (2020). A Novel Propulsion System Based on Cycloidal Rotors coupled with Pair-wing for VTOL Aircrafts; Cyclo-Craft. <em>Canadian Society for Mechanical Engineering International Congress<\/em>. 3, 1-6. doi: 10.32393\/csme.2020.55.<\/p>\n<p>&gt;M. R. Pendar, J. P\u00e1scoa (2020). Study of Droplet Characteristics and Spray Deposition during Coating Produced by an Electrostatic Rotary Bell Sprayer on OpenFoam. <em>Canadian Society for Mechanical Engineering International Congress<\/em>.3,1-6. doi: 10.32393\/csme.2020.1132.<\/p>\n<p>&gt;Hugo Canilho, Cristina Fael, Jos\u00e9 P\u00e1scoa (2020). A Numerical Study of the Effect of Vortex-Induced Vibrations on a Circular Cylinder Mounted under Elastic Support. <em>KnE Engineering<\/em>.100-112.DOI 10.18502\/keg.v5i5.6925<\/p>\n<p><strong>2019<\/strong><\/p>\n<p>&gt;M Habibnia, J Pascoa (2019). ANN assisted flow modeling and analysis for a cyclorotor in ground effect. <em>Aerospace Science and Technology<\/em>.95. <a href=\"https:\/\/doi.org\/10.1016\/j.ast.2019.105495\">https:\/\/doi.org\/10.1016\/j.ast.2019.105495<\/a>.<\/p>\n<p>&gt;Mohammad Reza Pendar, Jose Carlos P\u00e1scoa (2019). Numerical Modelling of Electrostatic Spray Painting Transfer Processes in Rotary Bell Cup for Automotive Painting. <em>International Journal of Heat and Fluid Flow<\/em>. <a href=\"https:\/\/doi.org\/10.1016\/j.ijheatfluidflo\">https:\/\/doi.org\/10.1016\/j.ijheatfluidflo<\/a>.<\/p>\n<p>&gt;Mehdi Habibnia Rami, Jose P\u00e1scoa (2019). Numerical Analysis of a Cycloidal Rotor Under Diverse Operating Conditions and Altitudes. <em>SAE Paper.<\/em> doi:10.4271\/2019-01-1872.<\/p>\n<p>&gt;Mohammad Reza Pendar, Jose Carlos Pascoa (2019). Numerical investigation of Electrostatic Spray Painting Transfer Processes for vehicle Coating. <em>SAE Paper<\/em>. doi:10.4271\/2019-01-1856.<\/p>\n<p>&gt;Filipe Dias, Carlos Xisto, Jos\u00e9 P\u00e1scoa (2019). Numerical analysis of reacting flows in hypersonic flight. <em>Congress on Numerical Methods in Engineering<\/em>.<\/p>\n<p>&gt;M. Habibnia, J. P\u00e1scoa (2019). Numerical Analysis of a Cycloidal Rotor under diverse Operating conditions and Altitudes. <em>SAE Aerotech Europe.<\/em><a href=\"https:\/\/doi.org\/10.4271\/2019-01-1872\"> https:\/\/doi.org\/10.4271\/2019-01-1872<\/a>.<\/p>\n<p>&gt;J. Pascoa Marques, G. Ribeiro, F. Br\u00f3jo (2019). Flow modelling of propulsion nozzles for nano-satellites. <em>ASME International Mechanical Engineering Congress and Exposition, Proceedings (IMECE),<\/em> DOI: 10.1115\/IMECE2019-11712.<\/p>\n<p><strong>&gt;<\/strong>Filipe A Dias, Carlos Xisto, Jos\u00e9 P\u00e1scoa (2019). Analysis and Comparison of Different Chemistry Models for the Computation of Reacting Flows on Re-entry and Hypersonic Vehicles. <em>AIAA Propulsion and Energy 2019 Forum<\/em>. <a href=\"https:\/\/doi.org\/10.2514\/6.2019-4150\">https:\/\/doi.org\/10.2514\/6.2019-4150<\/a>.<\/p>\n<p>&gt;Aditya Mushyam, Frederico Rodrigues, Jose P\u00e1scoa (2019). A Plasma-Fluid model for EHD flow in DBD actuators and experimental validation. <em>International Journal for Numerical Methods in Fluids<\/em>. <a href=\"https:\/\/onlinelibrary.wiley.com\/doi\/pdf\/10.1002\/fld.4714\">https:\/\/onlinelibrary.wiley.com\/doi\/pdf\/10.1002\/fld.4714<\/a>.<\/p>\n<p>&nbsp;<\/p>\n<p><strong>2018<\/strong><\/p>\n<p>&#8211; Jakson Augusto Leger Monteiro, J P\u00e1scoa (2018). Effects of Harmonic Vibration on Cycloidal Rotor Performance. ASME International Mechanical Engineering Congress and Exposition.<\/p>\n<p>&#8211; O. Cornejo, L. Mogoll\u00f3n, H. Alvarez (2018). Preliminary design part I, of an open circuit wind tunnel (type Eiffel) for Reynolds of 3.3X106 m-1. Revista de I+D Tecnol\u00f3gico.15,5-16.<\/p>\n<p>&#8211; Filipe Dias, Carlos Xisto, Jos\u00e9 P\u00e1scoa (2018). Numerical analysis of a multi-species MHD model for plasma layer control of re-entry vehicles. ASME International Mechanical Engineering Conference &amp; Exhibit.<\/p>\n<p>&#8211; Jakson Leger, Jos\u00e9 P\u00e1scoa (2018). Effects of Harmonic Vibration on Cycloidal Rotor Performance. <em>ASME International Mechanical Engineering Conference &amp; Exhbit<\/em>.<\/p>\n<p>&#8211; A.R. Silva, F. Santos, A. Espirito-Santo, J.P. Marques, C.S. Fael (2018). Development of the Concept vs Prototyping: Implementation of a real scale Water-Energy Integrated System. <em>Proceedings &#8211; IEEE 16th International Conference on Industrial Informatics<\/em>, INDIN 2018.1006-1011.<\/p>\n<p>&#8211; A.R. Silva, F. Santos, A. Espirito-Santo, J.P. Marques, C. Fael (2018). Study of a Water-Energy Integrated System: Challenges of Prototyping. <em>Energy and Sustainability in Small Developing Economies, ES2DE 2018 \u2013 Proceedings<\/em>.63-68.<\/p>\n<p>&#8211; Mahdi Abdollahzadeh, J. C. P\u00e1scoa, Paulo Oliveira (2018).Comparison of DBD Plasma Actuators Flow Control Authority in Different Modes of Actuation. <em>Aerospace Science and Technology<\/em>.78, 183-196.<\/p>\n<p>&#8211; Ana Silva, Fernando Santos, Antonio Espirito-Santo, Jos\u00e9 P\u00e1scoa, Cristina Fael (2018).<\/p>\n<p>Development of the Concept vs Prototyping: Implementation of a real scale Water-Energy Integrated System. <em>IEEE 16TH INTERNATIONAL CONFERENCE OF INDUSTRIAL INFORMATICS INDIN2018.<\/em><\/p>\n<p><em>&#8211; <\/em>K. Dagar, J. Pascoa (2018). Numerical Modelling of Stall and Post Stall Events of a Single Pitching Blade of a Cycloidal Rotor. <em>ASME Journal of Fluids Engineering<\/em>. doi:10.1115\/1.4040302.<\/p>\n<p>&#8211; Louis Gagnon, Marco Morandini, Giuseppe Quaranta, Pierangelo Masarati, Carlos Xisto, Jos\u00e9 P\u00e1scoa (2018). Aeroelastic Analysis of a Cycloidal Rotor Under Various Operating Conditions. <em>Journal of Aircraft<\/em>. doi:10.2514\/1.C034005.<\/p>\n<p>&gt; Gagnon, M. Morandini, G. Quaranta, P. Masarati, C. M. Xisto, and J. C. P\u00e1scoa, &#8220;Aeroelastic Analysis of a Cycloidal Rotor Under Various Operating Conditions,&#8221; Journal of Aircraft, pp. 1-14, 2018. <a href=\"https:\/\/arc.aiaa.org\/doi\/10.2514\/1.C034005\">https:\/\/arc.aiaa.org\/doi\/10.2514\/1.C03400<\/a><\/p>\n<p>&gt; K. Singh and J. C. P\u00e1scoa, &#8220;Numerical Modeling of Stall and Poststall Events of a Single Pitching Blade of a Cycloidal Rotor,&#8221; Journal of Fluids Engineering, vol. 141, no. 1, pp. 011103-011103-16, 2018. (colocar pdf numerical modelling of stall and poststall events of a single pitching blade of a cycloidal rotor). <a href=\"http:\/\/fluidsengineering.asmedigitalcollection.asme.org\/article.aspx?articleid=2682037\">http:\/\/fluidsengineering.asmedigitalcollection.asme.org\/article.aspx?articleid=2682037<\/a><\/p>\n<p>&nbsp;<\/p>\n","protected":false},"excerpt":{"rendered":"<p>2020 &gt;R. Pendar, J. P\u00e1scoa (2020).Atomization and Spray Characteristics around an ERBS Using Various Operational Models and Conditions: Numerical Investigation. International Journal of Heat and Mass Transfer.161. https:\/\/doi.org\/10.1016\/j.ijheatmasstransfer.2020.120243. &gt;M. Abdollahzadeh, F. Rodrigues, J. Pascoa (2020). Simultaneous Ice Detection and Removal Based on Dielectric Barrier Discharge Actuators. Sensors and Actuators: A. Physical. 315, 1-12. https:\/\/doi.org\/10.1016\/j.sna.2020.112361. &gt;Frederico&hellip;<\/p>\n","protected":false},"author":1,"featured_media":0,"parent":65,"menu_order":0,"comment_status":"closed","ping_status":"closed","template":"","meta":[],"_links":{"self":[{"href":"https:\/\/emades.ubi.pt\/index.php\/wp-json\/wp\/v2\/pages\/343"}],"collection":[{"href":"https:\/\/emades.ubi.pt\/index.php\/wp-json\/wp\/v2\/pages"}],"about":[{"href":"https:\/\/emades.ubi.pt\/index.php\/wp-json\/wp\/v2\/types\/page"}],"author":[{"embeddable":true,"href":"https:\/\/emades.ubi.pt\/index.php\/wp-json\/wp\/v2\/users\/1"}],"replies":[{"embeddable":true,"href":"https:\/\/emades.ubi.pt\/index.php\/wp-json\/wp\/v2\/comments?post=343"}],"version-history":[{"count":11,"href":"https:\/\/emades.ubi.pt\/index.php\/wp-json\/wp\/v2\/pages\/343\/revisions"}],"predecessor-version":[{"id":1832,"href":"https:\/\/emades.ubi.pt\/index.php\/wp-json\/wp\/v2\/pages\/343\/revisions\/1832"}],"up":[{"embeddable":true,"href":"https:\/\/emades.ubi.pt\/index.php\/wp-json\/wp\/v2\/pages\/65"}],"wp:attachment":[{"href":"https:\/\/emades.ubi.pt\/index.php\/wp-json\/wp\/v2\/media?parent=343"}],"curies":[{"name":"wp","href":"https:\/\/api.w.org\/{rel}","templated":true}]}}