{"id":362,"date":"2018-10-10T16:21:44","date_gmt":"2018-10-10T16:21:44","guid":{"rendered":"http:\/\/www.emades.ubi.pt\/?page_id=362"},"modified":"2021-01-12T20:09:35","modified_gmt":"2021-01-12T20:09:35","slug":"materiais-avancados","status":"publish","type":"page","link":"https:\/\/emades.ubi.pt\/index.php\/equipa\/artigos-cientificos\/materiais-avancados\/","title":{"rendered":"Materiais Avan\u00e7ados"},"content":{"rendered":"<h3>2020<\/h3>\n<p>&gt;A.A. Burov, A. D. Guerman, V. I. Nikonov, Asymptotic invariant surfaces for non-autonomous pendulum-type systems, Regular and Chaotic Dynamics, 2020, Vol. 25, No. 1, 121-130.<\/p>\n<p>&gt;A.D. Guerman, D.S. Ivanov, D.S. Roldugin, S.S. Tkachev, A.S. Okhitina, Orbital and angular dynamics analysis of the small satellite SAR mission INFANTE. Cosmic Research, 2020, Vol. 58, No. 3, 206-207.<\/p>\n<p>&gt;Burov, A. D. Guerman, V. I. Nikonov, Force field properties and regions of particle accumulation on asteroid surface, Acta Astronautica, 2020, Vol. 174, 236-240.<\/p>\n<p>&gt;D. Ivanov, U. Monakhova, <u>A. Guerman<\/u>, M. Ovchinnikov, D. Roldugin, Decentralized differential drag based control of nanosatellites swarm spatial distribution using magnetorquers, Accepted to Advances in Space Research, 2020, In press. <a href=\"https:\/\/doi.org\/10.1016\/j.asr.2020.05.024\">https:\/\/doi.org\/10.1016\/j.asr.2020.05.024<\/a>.<\/p>\n<p>&gt;P.N.B. Reis, A.M. Amaro, M.A. Neto \u201cEffect of Fibre Orientation and Hostile Solutions on Stress Relaxation of Glass\/polyamide Composites\u201d Polymers, Vol. 12, Article 20, 2020.<\/p>\n<p>&gt;P.N.B. Reis, M.P. Silva, P. Santos, J.M. Parente, Abderrezak Bezazi \u201cViscoelastic behaviour of Composites with Epoxy Matrix Filled by Cork Powder\u201d, Composite Structures, Vol. 234, Article 111669, 2020.<\/p>\n<p>&gt;J. Parente, P.N.B. Reis, M. Neto, A.M. Amaro \u201cMechanical Properties of Sandwich Composites Reinforced by Nanoclays: An Overview\u201d, Applied Sciences, 10, Article 2637, 2020.<\/p>\n<p>&gt;P.N.B. Reis, M.P. Silva, P. Santos, J.M. Parente, S. Valvez, A. Bezazi \u201cMechanical performance of an optimized cork agglomerate core-glass fibre sandwich panel\u201d, Composite Structures, Vol. 245, Article 112375, 2020.<\/p>\n<p>&gt;J.M. Parente, P. Santos, S. Valvez, M.P. Silva, P.N.B. Reis \u201cFatigue behaviour of graphene composites: An overview\u201d, Procedia Structural Integrity, Vol. 25, pp. 282-293, 2020.<\/p>\n<p>&gt;P. Santos, J.M. Parente, S. Valvez, M.P. Silva, P.N.B. Reis \u201cHybridization effect on the bending properties of flax composites\u201d, Procedia Structural Integrity, Vol. 25, pp. 370-377, 2020.<\/p>\n<p>&gt;S. Valvez, P. Santos, J.M. Parente, M.P. Silva, P.N.B. Reis \u201c3D printed continuous carbon fiber reinforced PLA composites: A short review\u201d, Procedia Structural Integrity, Vol. 25, pp. 394-399, 2020.<\/p>\n<p>&gt;M.P. Silva, P. Santos, J.M. Parente, S. Valvez, P.N.B. Reis, A.P. Piedade \u201cEffect of post-cure on the static and viscoelastic properties of a polyester resin\u201d, Polymers, Vol. 12, Article 1927, 2020.<\/p>\n<p>&gt;Pedro Carneiro, Pedro Gamboa, Carmen Baud\u00edn, Ab\u00edlio P. Silva. Modelling of elastic modulus of a biphasic ceramic microstructure using 3D representative volume elements. Journal of the European Ceramic Society, Volume 40, Issue 3, March 2020, Pages 901-910. DOI: <a href=\"https:\/\/doi.org\/10.1016\/j.jeurceramsoc.2019.10.046.\">https:\/\/doi.org\/10.1016\/j.jeurceramsoc.2019.10.046.<\/a><\/p>\n<p>&gt;J. Nunes-Pereira, Pedro Carneiro, Alberto Maceiras, Carmen Baud\u00edn, Ab\u00edlio P. Silva. Modelling of elastic modulus of CaZrO3-MgO composites using isotropic elastic and anisotropic models. Journal of the European Ceramic Society, Volume xx, Issue x, 2020, Pages xxx-xxx. DOI: 10.1016\/j.jeurceramsoc.2020.05.050.<\/p>\n<p>&gt;Jos\u00e9 Molina, Bo\u017cena Szczucka-Lasota, Tomasz W\u0119grzyn, Ab\u00edlio P. Silva, and Alberto Maceiras, (2020), \u2015Manufacturing and characterization of epoxy resin with Fe3O4 and SiO2 particles in International Congress on Engineering \u2014 Engineering for Evolution, KnE Engineering, pages 117\u2013128. DOI 10.18502\/keg.v5i6.7026.<\/p>\n<p>&nbsp;<\/p>\n<h3>2019<\/h3>\n<p>&gt;Burov, A. D. Guerman, E.A. Nikonova, V. I. Nikonov. Approximation for attraction field of irregular celestial bodies using four massive points. Acta Astronautica, 2019, Vol. 157, 225-232.<\/p>\n<p>&gt;A.A. Burov, A. D. Guerman, I. I. Kosenko. Satellite with periodical mass redistribution: relative equilibria and their stability. Celestial Mechanics and Dynamical Astronomy, 2019, 131, 1, Article 1.<\/p>\n<p>&gt;Ferreira, <u>A.D. Guerman<\/u>, A.A. Burov, A.F.B.A. Prado, V.I. Nikonov, Stationary configurations of space tether anchored on smaller primary in three-body problem. Acta Astronautica, 2019, Vol.160, 572-582.<\/p>\n<p>&gt;M.P. Silva, P. Santos, N.N. Sousa, P.N.B. Reis \u201cStrain Rate Effect on Composites with Epoxy Matrix Filled by Cork Powder\u201d, Material Design &amp; Processing Communications, Vol. 1, Article e47, 2019.<\/p>\n<p>&gt;P.N.B. Reis, M.A. Neto, A.M. Amaro \u201cEffect of Hostile Solutions on Stress Relaxation of Carbon\/epoxy Composites\u201d, Polymer Degradation and Stability, Vol. 165, pp. 60-67, 2019.<\/p>\n<p>&gt;A.M. Amaro, M.A. Neto, P.N.B. Reis \u201cMechanical Characterization of AlSi12 Foams at High Strain Rates\u201d, Material Design &amp; Processing Communications, Vol. 1, Article e55, 2019.<\/p>\n<p>&gt;P.N.B. Reis, M.P. Silva, P. Santos \u201cStress Relaxation in Delaminated Carbon\/epoxy Composites\u201d, Fibers and Polymers, Vol. 20, pp. 1284-1289, 2019.<\/p>\n<p>&gt;J.M. Parente, M.P. Silva, P. Santos, P.N.B. Reis \u201cViscoelastic Behavior of Nanocomposites Enhanced by Graphene: An overview\u201d, Material Design &amp; Processing Communications, Vol. 1, Article e99, 2019.<\/p>\n<p>&gt;P. Santos, M.P. Silva, N.N. Sousa, P.N.B. Reis \u201cMechanical Characterization of a Sandwich Composite with Cork Core\u201d, Book of abstracts Materiais 2019, XIX Congress of Sociedade Portuguesa de Materiais and X International Symposium on Materials, Lisboa-Portugal, 14 a 17 de abril de 2019, pp. 134, 2019.<\/p>\n<p>&gt;M.P. Silva, P. Santos, P.N.B. Reis \u201cStress Relaxation and Creep Behaviour of Composite Laminates with Resin Filled by Cork Powder\u201d Proc. 5th International Conference on Mechanics of Composites, MECHCOMP 2019, Lisboa-Portugal, 1 a 4 de julho de 2019, pp. 46-47, 2019.<\/p>\n<p>&gt;P.N.B. Reis, P. Santos, M.P. Silva, J.A.M. Ferreira \u201cStress Relaxation in Composites Subjected to Low Velocity Impact Loads\u201d Proc. 5th International Conference on Mechanics of Composites, MECHCOMP 2019, Lisboa-Portugal, 1 a 4 de julho de 2019, pp. 145-146, 2019.<\/p>\n<p>&gt;P. Santos, M.P. Silva, P.N.B. Reis, J.A.M. Ferreira \u201cMechanical Properties of Carbon Nanofiber Reinforced Polymer Composites\u201d Proc. 5th International Conference on Mechanics of Composites, MECHCOMP 2019, Lisboa-Portugal, 1 a 4 de julho de 2019, pp. 180, 2019.<\/p>\n<p>&gt;Jo\u00e3o Cardoso, Pedro Gamboa, Abilio P. Silva. Effect of surface pretreatment on the behaviour of adhesively-bonded CFRP T-joints. Engineering Failure Analysis, Vol. 104 (2019) 1188\u20131202. DOI:\u00a0<a href=\"https:\/\/doi.org\/10.1016\/j.engfailanal.2019.05.043.\">https:\/\/doi.org\/10.1016\/j.engfailanal.2019.05.043.<\/a><\/p>\n<p>&gt; <span style=\"font-weight: 400;\">Mariana Vassal, J. Nunes-Pereira, S\u00f3nia Miguel, Il\u00eddio Correia, Ab\u00edlio P. Silva.\u00a0Microstructural, mechanical and biological properties of hydroxyapatite &#8211; CaZrO<\/span><span style=\"font-weight: 400;\">3<\/span><span style=\"font-weight: 400;\">\u00a0biocomposites. Ceramics International,\u00a0Vol. 45 (7) Part A, May 2019, Pages 8195-8203. <\/span><a href=\"https:\/\/doi.org\/10.1016\/j.ceramint.2019.01.122\"><span style=\"font-weight: 400;\">https:\/\/doi.org\/10.1016\/j.ceramint.2019.01.122<\/span><\/a><\/p>\n<h3><\/h3>\n<h3>2018<\/h3>\n<p>&gt;A.A. Burov, A.D. Guerman, I.I. Kosenko, V.I. Nikonov. Dynamics of a massive point about a uniformly rotating two-lobe celestial body. Advances in the Astronautical Sciences, 2018, Vol. 161, 165\u2013179.<\/p>\n<p>&gt;A. F. S. Ferreira, A. F. B. A. Prado, A. D. Guerman, D. P. S. Santos, A. Burov and O. C. Winter, Dynamics of space tether on binary asteroid, Advances in the Astronautical Sciences, 2018, Vol. 162, 3901-3920<\/p>\n<p>&gt;A.F. S. Ferreira, A. F. B. A. Prado, A. D. Guerman, D. P. S. Santos, A. Burov and O. C. Winter, Using tethers to build a \u201cCapture Portal\u201d for the planets, Advances in the Astronautical Sciences, 2018, Vol. 162, 3839-3858.<\/p>\n<p>&gt;J. B. Monteiro, A. Azevedo, G. Pardal, A. Guerman, J. P\u00e1scoa, F. Dias, T. Rebelo, A. Jo\u00e3o, P. Figueiredo, MECSE: A CubeSat mission aiming to measure and manipulate the ionospheric plasma layer. Advances in the Astronautical Sciences, 2018, Vol. 163, 69-81.<\/p>\n<p>&gt;A.A. Burov, A.D.Guerman, I.I. Kosenko, V. I. Nikonov Dynamics of a pendulum anchored to a rotating asteroid. IFAC-PapersOnLine, 2018, 51 (2), 867-872.<\/p>\n<p>&gt;A.A. Burov, A.D.Guerman, I.I. Kosenko, V. I. Nikonov, Dynamics and control of space tethers. Advances in the Astronautical Sciences, 2018, Vol. 163, 713-728.<\/p>\n<p>&gt;A.A. Burov, A.D.Guerman, I.I. Kosenko, V. I. Nikonov, Space elevator operation in proximity of asteroids. Proc. of 70th IAC, Washington D.C., USA, IAC\u201319\u2013D4.3.16.<\/p>\n<p>&gt;P. Santos, M.P. Silva, P.N.B. Reis \u201cStrain-Rate Sensitivity of Composites with Filled Epoxy Matrix\u201d, Proc. 16th Portuguese Conference on Fracture, Sociedade Port. de Materiais-Sec\u00e7\u00e3o de Fratura, Covilh\u00e3 23 a 24 de abril de 2018, pp. 75-78, 2018.<\/p>\n<p>&gt;M.P. Silva, P. Santos, P.N.B. Reis \u201cStress Relaxation of Composites with Filled Epoxy Matrix\u201d, Proc. 16th Portuguese Conference on Fracture, Sociedade Port. de Materiais-Sec\u00e7\u00e3o de Fratura, Covilh\u00e3 23 a 24 de abril de 2018, pp. 79-82, 2018.<\/p>\n<p>&gt;P.N.B. Reis, M.P. Silva, P. Santos \u201cViscoelastic behavior of Hybrid Laminates with Nano-enhanced Resin\u201d, Proc. 26th International Conference on Composites or Nano Engineering, ICCE 26, Millennium Hotel Paris Charles de Gaulle, Paris-Fran\u00e7a, 15 a 21 de julho de 2018.<\/p>\n<p>&gt; P. Santos, M.P. Silva, P.N.B. Reis. \u201cStrain-Rate Sensitivity of Composites with Filled Epoxy Matrix\u201d, Proc. 16th Portuguese Conference on Fracture, Covilh\u00e3 23 a 24 de Abril de 2018, pp. 75-78, 2018.<\/p>\n<p>&gt; M.P. Silva, P. Santos, P.N.B. Reis. \u201cStress Relaxation of Composites with Filled Epoxy Matrix\u201d, Proc. 16th Portuguese Conference on Fracture, Covillh\u00e3 23 a 24 de Abril de 2018, pp. 79-82, 2018.<\/p>\n<p>&gt; P.N.B. Reis, M.P. Silva, P. Santos. \u201cViscoelastic behavior of Hybrid Laminates with Nano-enhanced Resin\u201d, Proc. 26th International Conference on Composites or Nano Engineering, ICCE 26, Millennium Hotel Paris Charles de Gaulle, Paris-Fran\u00e7a, 15 a 21 de Junho de 2018.<\/p>\n<p><span style=\"font-weight: 400;\">&gt; D\u00e9bora Babo, J. Nunes Pereira, Ab\u00edlio P. Silva, Pilar Pena, Carmen Baudin. Design and thermal conductivity of a functionally gradient ceramic based on CaZrO3 \u2013 MgO. Proceedings of XVI Portuguese Conference on Fracture, ISBN: 978-989-654-454-6; Universidade da Beira Interior, Covilh\u00e3, Portugal.<\/span><\/p>\n<p><span style=\"font-weight: 400;\">&gt;J. Nunes Pereira, Ab\u00edlio P. Silva, Pilar Pena, Carmen Baudin. Advanced CaZrO3-MgO ceramic compositions for high responsibility applications. Proceedings of XVI Portuguese Conference on Fracture, ISBN: 978-989-654-454-6; Universidade da Beira Interior, Covilh\u00e3, Portugal. <\/span><\/p>\n<p>&gt; J. Nunes- Pereira, P. Sharma, L. C. Fernandes, J. Oliveira, J. A. Moreira, R. K. Sharma e S. Lanceros- Mendez. \u201cPoly (vinylidene fluoride) composites with carbon nanotubes decorated with metal nanoparticles\u201d. Journal Elsevier, vol. 142, n.\u00ba1, pp.1-8, June 2018. <a href=\"https:\/\/doi.org\/10.1016\/j.compositesb.2017.12.047\">https:\/\/doi.org\/10.1016\/j.compositesb.2017.12.047<\/a> \/ <a href=\"https:\/\/www.sciencedirect.com\/science\/article\/pii\/S1359836817325647?via%3Dihub\">https:\/\/www.sciencedirect.com\/science\/article\/pii\/S1359836817325647?via%3Dihub<\/a><\/p>\n<p>&gt; J. Nunes- Pereira, R. Lima, G. Choudhary, P. R. Sharma, S. Ferdov, G. Botelho, R. K. Sharma e S. Lanceros- M\u00e9ndez. \u201cHighly efficient removal of fluoride from aqueous media through polymer composite membranes\u201d. Journal Elsevier, vol. 205, pp. 1-10, October 2018. <a href=\"https:\/\/doi.org\/10.1016\/j.seppur.2018.05.015\">https:\/\/doi.org\/10.1016\/j.seppur.2018.05.015<\/a> \/ <a href=\"https:\/\/www.sciencedirect.com\/science\/article\/pii\/S1383586617342132?via%3Dihub\">https:\/\/www.sciencedirect.com\/science\/article\/pii\/S1383586617342132?via%3Dihub<\/a><\/p>\n<p>&gt; Jo\u00e3o V. Cardoso, J. Nunes Pereira, Ab\u00edlio P. Silva. Fabrication of adhesively-bonded CFRP T-joints for stiffener pull-off tests. Proceedings of XVI Portuguese Conference on Fracture, ISBN: 978- 989-654-454-6; Universidade da Beira Interior, Covilh\u00e3, Portugal.<\/p>\n<p>&gt; A.A. Burov, A.D. Guerman, I.I. Kosenko, V.I. Nikonov, Tethered spacecraft in asteroid gravitational environment, Acta Astronautica, 2018. Vol. 143. P. 126-132. doi:10.1016\/j.actaastro.2017.11.018. <a href=\"https:\/\/www.sciencedirect.com\/science\/article\/pii\/S0094576517 31682X?via%3Dihub\">https:\/\/www.sciencedirect.com\/science\/article\/pii\/S0094576517 31682X?via%3Dihub<\/a><\/p>\n<p>&gt; A. Burov, A. D. Guerman, E. A. Raspopova, V. I. Nikonov, On use of K-means algorithm for determination of mass distributions in dumbbell-like celestial. Rus. J. Nonlin. Dyn., 2018, vol.14, no. 1, pp. 45\u201352, DOI: 10.20537\/nd1801004. <a href=\"http:\/\/nd.ics.org.ru\/nd1801004\/\">http:\/\/nd.ics.org.ru\/nd1801004\/<\/a><\/p>\n<p>&gt; A. Burov, A. D. Guerman, V. I. Nikonov, Collocation of equilibria in gravitational field of triangular body via mass redistribution. ActaAstronautica.2018.Vol.146.P.181\u2013184,DOI: 10.1016\/j.actaastro.2018.02.032. <a href=\"https:\/\/www.sciencedirect.com\/science\/article\/pii\/S00945765183038 37?via%3Dihub\">https:\/\/www.sciencedirect.com\/science\/article\/pii\/S00945765183038 37?via%3Dihub<\/a><\/p>\n<p>&gt; A. Burov, A. D. Guerman, V. I. Nikonov, Equilibria in gravitation field of triangular body, Celestial Mechanics and Dynamical Astronomy, 2018, 130(9): 58, DOI:10.1007\/s10569-018-9850-8. <a href=\"https:\/\/link.springer.com\/article\/10.1007%2Fs10569-018-9850-8\">https:\/\/link.springer.com\/article\/10.1007%2Fs10569-018-9850-8<\/a><\/p>\n<p>&gt; A.A. Burov, A.D.Guerman, I.I. Kosenko, V. I. Nikonov, Dynamics of a Pendulum Anchored to a Rotating Asteroid. (2018) IFACPapersOnLine, 51 (2), pp. 867-872. DOI: 10.1016\/j.ifacol.2018.04.023. <a href=\"https:\/\/www.sciencedirect.com\/science\/article\/pii\/S24058963183015 14\">https:\/\/www.sciencedirect.com\/science\/article\/pii\/S24058963183015 14<\/a><\/p>\n<p>&gt; F. S. Ferreira, A. F. B. A. Prado, A. D. Guerman, D. P. S. Santos, A. Burov and O. C. Winter, Dynamics of space tether on binary asteroid, Advances in the Astronautical Sciences, 2018, 162, pp. 3901-3920.<\/p>\n<p>&gt; F. S. Ferreira, A. F. B. A. Prado, A. D. Guerman, D. P. S. Santos, A. Burov and O. C. Winter, Using tethers to build a \u201cCapture Portal\u201d for the planets, Advances in the Astronautical Sciences, 2018, 162, pp. 3839-3858.<\/p>\n<p>&gt; A.A. Burov, A.D.Guerman, I.I. Kosenko, V. I. Nikonov, Dynamics and control of space tethers. Advances in the Astronautical Sciences, 2018, 163, pp. 713-728.<\/p>\n<p>&gt; D\u00e9bora Babo, Pedro D. Silva, Pilar Pena, Carmen Baudin, Ab\u00edlio P. Silva, Characterization of a Functionally Gradient Ceramic Based on CaZrO3 \u2013 MgO. V Congreso Hispano-Luso de Cer\u00e1mica y Vidrio y LVI Congreso Nacional de la SECV, October 8-10th, 2018, Barcelona, Spain.<\/p>\n<p>&gt; J. Nunes Pereira, Pilar Pena, Carmen Baudin, Ab\u00edlio P. Silva, Development and characterization of ceramic composites based on CaZrO3-MgO. V Congreso Hispano-Luso de Cer\u00e1mica y Vidrio y LVI Congreso Nacional de la SECV, October 8-10th, 2018, Barcelona, Spain.<\/p>\n<h3>2017<\/h3>\n<p>&gt;A.A. Burov, A.D. Guerman, I.I. Kosenko, V.I. Nikonov. On the gravity of dumbbell-like bodies represented by a pair of intersecting balls. Russian Journal of Nonlinear Dynamics, 2017, Vol.13, No.2, 243-256.<\/p>\n<p>&gt;A.D. German, S. A. Gutnik, V. A. Sarychev, Satellite dynamics due to gravity and constant torques. Journal of Computer and Systems Sciences International, 2017, Vol.56, No.1, 125\u2013136.<\/p>\n<p>&gt;J. Salvado, M. R. Calado, A. Espirito Santo, <u>A. D. Guerman<\/u>. Numerical modal analysis of vibrations in a three-phase linear switched reluctance actuator. Modelling and Simulation in Engineering, 2017, Vol. 2017, Article ID 3258376, 23 pp.<\/p>\n<p>&gt;Y. Razoumny, F. Graziani, A.D. Guerman, J.-M. Contant, Foreword. Advances in the Astronautical Sciences, 2017, Vol. 161, v-vi.<\/p>\n<p>&gt;A.A. Burov, A.D.Guerman, I.I. Kosenko, V. I. Nikonov, Tethered spacecraft in an asteroid gravitational environment, Proc. of 68th IAC, Adelaide, Australia, 2017, IAC\u201317\u2013D4.5.15.<\/p>\n<p>&gt; P. Costa, J. Nunes-Pereira, J. Oliveira, J. Silva, J. Agostinho Moreira, S. A. C. Carabineiro, J. G. Buijnsters, S. Lanceros- Mendez. \u201cHigh-performance graphene-based carbon nanofiller\/polymer composites for piezoresistive sensor applications\u201d. Journal Elsevier, vol. 153, pp. 241-252, December 2017. <a href=\"https:\/\/doi.org\/10.1016\/j.compscitech.2017.11.001\">https:\/\/doi.org\/10.1016\/j.compscitech.2017.11.001<\/a> \/ <a href=\"https:\/\/www.sciencedirect.com\/science\/article\/pii\/S0266353817322297?via%3Dihub\">https:\/\/www.sciencedirect.com\/science\/article\/pii\/S0266353817322297?via%3Dihub<\/a><\/p>\n<p>&gt; A.A. Burov, A.D. Guerman, I.I. Kosenko, V.I. Nikonov. On the gravity of dumbbell-like bodies represented by a pair of intersecting balls. Nelineinaya Dinamika, Vol. 13, No.2, 2017, pp. 243-256, DOI: 10.20537\/nd1702007. <a href=\"http:\/\/www.mathnet.ru\/php\/archive.phtml?wshow=paper&amp;jrnid=nd&amp;paperid=563&amp;option_lang=eng\">http:\/\/www.mathnet.ru\/php\/archive.phtml?wshow=paper&amp;jrnid=nd&amp;paperid=563&amp;option_lang=eng<\/a><\/p>\n<p>&gt; A.A. Burov, A.D.Guerman, I.I. Kosenko, V. I. Nikonov, Dynamics of a massive point about a uniformly rotating, two-lobe celestial body. IAA-AAS-DyCoSS3-058. Advances in the Astronautical Sciences, 2017, Vol. 161, pp. 165-179.<\/p>\n<p>&gt; A.A. Burov, A.D.Guerman, I.I. Kosenko, V. I. Nikonov, Tethered spacecraft in an asteroid gravitational environment, Proc. of the 68th IAC, Adelaide, Australia, 2017, IAC\u201317\u2013D4.5.15.<\/p>\n<p>&nbsp;<\/p>\n","protected":false},"excerpt":{"rendered":"<p>2020 &gt;A.A. Burov, A. D. Guerman, V. I. Nikonov, Asymptotic invariant surfaces for non-autonomous pendulum-type systems, Regular and Chaotic Dynamics, 2020, Vol. 25, No. 1, 121-130. &gt;A.D. Guerman, D.S. Ivanov, D.S. Roldugin, S.S. Tkachev, A.S. Okhitina, Orbital and angular dynamics analysis of the small satellite SAR mission INFANTE. Cosmic Research, 2020, Vol. 58, No. 3,&hellip;<\/p>\n","protected":false},"author":1,"featured_media":0,"parent":65,"menu_order":0,"comment_status":"closed","ping_status":"closed","template":"","meta":[],"_links":{"self":[{"href":"https:\/\/emades.ubi.pt\/index.php\/wp-json\/wp\/v2\/pages\/362"}],"collection":[{"href":"https:\/\/emades.ubi.pt\/index.php\/wp-json\/wp\/v2\/pages"}],"about":[{"href":"https:\/\/emades.ubi.pt\/index.php\/wp-json\/wp\/v2\/types\/page"}],"author":[{"embeddable":true,"href":"https:\/\/emades.ubi.pt\/index.php\/wp-json\/wp\/v2\/users\/1"}],"replies":[{"embeddable":true,"href":"https:\/\/emades.ubi.pt\/index.php\/wp-json\/wp\/v2\/comments?post=362"}],"version-history":[{"count":37,"href":"https:\/\/emades.ubi.pt\/index.php\/wp-json\/wp\/v2\/pages\/362\/revisions"}],"predecessor-version":[{"id":1828,"href":"https:\/\/emades.ubi.pt\/index.php\/wp-json\/wp\/v2\/pages\/362\/revisions\/1828"}],"up":[{"embeddable":true,"href":"https:\/\/emades.ubi.pt\/index.php\/wp-json\/wp\/v2\/pages\/65"}],"wp:attachment":[{"href":"https:\/\/emades.ubi.pt\/index.php\/wp-json\/wp\/v2\/media?parent=362"}],"curies":[{"name":"wp","href":"https:\/\/api.w.org\/{rel}","templated":true}]}}