{"id":366,"date":"2018-10-10T16:25:27","date_gmt":"2018-10-10T16:25:27","guid":{"rendered":"http:\/\/www.emades.ubi.pt\/?page_id=366"},"modified":"2021-07-06T08:43:19","modified_gmt":"2021-07-06T08:43:19","slug":"comunicacao-e-disseminacao","status":"publish","type":"page","link":"https:\/\/emades.ubi.pt\/index.php\/equipa\/artigos-cientificos\/comunicacao-e-disseminacao\/","title":{"rendered":"Comunica\u00e7\u00e3o e Dissemina\u00e7\u00e3o"},"content":{"rendered":"<p><strong>2021<\/strong><\/p>\n<p>&gt;Carla Sousa e Anabela Gradim (2021). Desafios e oportunidades da<br \/>\ntransfer\u00eancia de conhecimento e tecnologia entre a academia e a ind\u00fastria \u2013 o caso EMaDeS. Livro de atas do XI Congresso Sopcom \u2013 Comunica\u00e7\u00e3o, Turismo e Cultura.<\/p>\n","protected":false},"excerpt":{"rendered":"<p>2021 &gt;Carla Sousa e Anabela Gradim (2021). Desafios e oportunidades da transfer\u00eancia de conhecimento e tecnologia entre a academia e a ind\u00fastria \u2013 o caso EMaDeS. Livro de atas do XI Congresso Sopcom \u2013 Comunica\u00e7\u00e3o, Turismo e Cultura.<\/p>\n","protected":false},"author":1,"featured_media":0,"parent":65,"menu_order":0,"comment_status":"closed","ping_status":"closed","template":"","meta":[],"_links":{"self":[{"href":"https:\/\/emades.ubi.pt\/index.php\/wp-json\/wp\/v2\/pages\/366"}],"collection":[{"href":"https:\/\/emades.ubi.pt\/index.php\/wp-json\/wp\/v2\/pages"}],"about":[{"href":"https:\/\/emades.ubi.pt\/index.php\/wp-json\/wp\/v2\/types\/page"}],"author":[{"embeddable":true,"href":"https:\/\/emades.ubi.pt\/index.php\/wp-json\/wp\/v2\/users\/1"}],"replies":[{"embeddable":true,"href":"https:\/\/emades.ubi.pt\/index.php\/wp-json\/wp\/v2\/comments?post=366"}],"version-history":[{"count":2,"href":"https:\/\/emades.ubi.pt\/index.php\/wp-json\/wp\/v2\/pages\/366\/revisions"}],"predecessor-version":[{"id":1879,"href":"https:\/\/emades.ubi.pt\/index.php\/wp-json\/wp\/v2\/pages\/366\/revisions\/1879"}],"up":[{"embeddable":true,"href":"https:\/\/emades.ubi.pt\/index.php\/wp-json\/wp\/v2\/pages\/65"}],"wp:attachment":[{"href":"https:\/\/emades.ubi.pt\/index.php\/wp-json\/wp\/v2\/media?parent=366"}],"curies":[{"name":"wp","href":"https:\/\/api.w.org\/{rel}","templated":true}]}}