{"id":43,"date":"2018-03-16T11:33:29","date_gmt":"2018-03-16T11:33:29","guid":{"rendered":"http:\/\/193.136.67.100\/~emades\/?page_id=43"},"modified":"2019-04-05T08:40:36","modified_gmt":"2019-04-05T08:40:36","slug":"objetivos","status":"publish","type":"page","link":"https:\/\/emades.ubi.pt\/index.php\/sample-page\/objetivos\/","title":{"rendered":"Objetivos"},"content":{"rendered":"<p><span style=\"color: #333333;\"><strong>Objetivo Geral:<br \/>\n<\/strong><\/span><span style=\"color: #333333;\">Aumentar a capacidade cient\u00edfica e tecnol\u00f3gica da equipa do projeto e da pesquisa efetuada na UBI e no<em> Centre \u00a0for Mechanical and Aerospace Science and Technologies <\/em>(C-MAST) atrav\u00e9s do refor\u00e7o da equipa e forma\u00e7\u00e3o de especialistas altamente qualificados nas tr\u00eas \u00e1reas estrat\u00e9gicas de desenvolvimento (Materiais, Energia e Desenvolvimento Sustent\u00e1vel do Produto), alinhada com as prioridades de especializa\u00e7\u00e3o inteligente para a Regi\u00e3o Centro, aumentando significativamente a produtividade nessas \u00e1reas, criando o know-how tecnol\u00f3gico para produzir o impacto social de acordo com as diretrizes do H2020 e melhorar a divulga\u00e7\u00e3o e comunica\u00e7\u00e3o da ci\u00eancia.<\/span><\/p>\n<p><span style=\"color: #333333;\"><strong>Objetivos Cient\u00edficos:<br \/>\n<\/strong><\/span><span style=\"color: #333333;\">\u2013 Contribuir para a produ\u00e7\u00e3o de energia de maneira sustent\u00e1vel e reduzir o consumo;<br \/>\n<\/span><span style=\"color: #333333;\">\u2013 Desenvolver materiais nanoestruturados, optimizando as suas propriedades no sentido de melhorar o seu desempenho e durabilidade, mesmo sob condi\u00e7\u00f5es operacionais adversas;<br \/>\n<\/span><span style=\"color: #333333;\">\u2013 Reduzir custos e otimizar a produ\u00e7\u00e3o, tanto em termos de produtos como de processos, dando uma especial aten\u00e7\u00e3o \u00e0 inova\u00e7\u00e3o tecnol\u00f3gica e \u00e0 utiliza\u00e7\u00e3o racional dos recursos naturais, incluindo \u00e1gua e floresta.<\/span><\/p>\n","protected":false},"excerpt":{"rendered":"<p>Objetivo Geral: Aumentar a capacidade cient\u00edfica e tecnol\u00f3gica da equipa do projeto e da pesquisa efetuada na UBI e no Centre \u00a0for Mechanical and Aerospace Science and Technologies (C-MAST) atrav\u00e9s do refor\u00e7o da equipa e forma\u00e7\u00e3o de especialistas altamente qualificados nas tr\u00eas \u00e1reas estrat\u00e9gicas de desenvolvimento (Materiais, Energia e Desenvolvimento Sustent\u00e1vel do Produto), alinhada com&hellip;<\/p>\n","protected":false},"author":1,"featured_media":0,"parent":2,"menu_order":2,"comment_status":"closed","ping_status":"closed","template":"","meta":[],"_links":{"self":[{"href":"https:\/\/emades.ubi.pt\/index.php\/wp-json\/wp\/v2\/pages\/43"}],"collection":[{"href":"https:\/\/emades.ubi.pt\/index.php\/wp-json\/wp\/v2\/pages"}],"about":[{"href":"https:\/\/emades.ubi.pt\/index.php\/wp-json\/wp\/v2\/types\/page"}],"author":[{"embeddable":true,"href":"https:\/\/emades.ubi.pt\/index.php\/wp-json\/wp\/v2\/users\/1"}],"replies":[{"embeddable":true,"href":"https:\/\/emades.ubi.pt\/index.php\/wp-json\/wp\/v2\/comments?post=43"}],"version-history":[{"count":7,"href":"https:\/\/emades.ubi.pt\/index.php\/wp-json\/wp\/v2\/pages\/43\/revisions"}],"predecessor-version":[{"id":1230,"href":"https:\/\/emades.ubi.pt\/index.php\/wp-json\/wp\/v2\/pages\/43\/revisions\/1230"}],"up":[{"embeddable":true,"href":"https:\/\/emades.ubi.pt\/index.php\/wp-json\/wp\/v2\/pages\/2"}],"wp:attachment":[{"href":"https:\/\/emades.ubi.pt\/index.php\/wp-json\/wp\/v2\/media?parent=43"}],"curies":[{"name":"wp","href":"https:\/\/api.w.org\/{rel}","templated":true}]}}