{"id":61,"date":"2018-03-16T11:41:57","date_gmt":"2018-03-16T11:41:57","guid":{"rendered":"http:\/\/193.136.67.100\/~emades\/?page_id=61"},"modified":"2019-05-13T13:39:01","modified_gmt":"2019-05-13T13:39:01","slug":"calendarizacao-de-eventos","status":"publish","type":"page","link":"https:\/\/emades.ubi.pt\/index.php\/eventos\/calendarizacao-de-eventos\/","title":{"rendered":"Calendariza\u00e7\u00e3o de Eventos"},"content":{"rendered":"<p class=\"p2\"><div id=\"vsel\" class=\"vsel-shortcode vsel-shortcode-all-events\"><div id=\"event-1582\" class=\"vsel-content vsel-past\"><div class=\"vsel-meta vsel-alignleft\" style=\"width:36%;\"><h3 class=\"vsel-meta-title\"><a href=\"https:\/\/emades.ubi.pt\/index.php\/event\/iii-seminario-do-emades\/\" rel=\"bookmark\" title=\"III Semin\u00e1rio do EMaDeS\">III Semin\u00e1rio do EMaDeS<\/a><\/h3><div class=\"vsel-meta-date vsel-meta-single-date\">Data: <span>25\/06\/2019<\/span><\/div><div class=\"vsel-meta-time\">Horas: <span>00:00 - 00:00<\/span><\/div><div class=\"vsel-meta-location\">Local: <span>Faculdade de Engenharia- Universidade da Beira Interior<\/span><\/div><\/div><div class=\"vsel-info-block vsel-alignright\" style=\"width:60%;\"><figure class=\"vsel-figure vsel-alignright\" style=\"max-width:40%\"><a href=\"https:\/\/emades.ubi.pt\/index.php\/event\/iii-seminario-do-emades\/\" rel=\"bookmark\"><img width=\"1755\" height=\"2481\" src=\"https:\/\/emades.ubi.pt\/wp-content\/uploads\/2019\/06\/emades_cartaz_25JUN2019-01.png\" class=\"vsel-image wp-post-image\" alt=\"emades_cartaz_25JUN2019-01\" decoding=\"async\" srcset=\"https:\/\/emades.ubi.pt\/wp-content\/uploads\/2019\/06\/emades_cartaz_25JUN2019-01.png 1755w, https:\/\/emades.ubi.pt\/wp-content\/uploads\/2019\/06\/emades_cartaz_25JUN2019-01-212x300.png 212w, https:\/\/emades.ubi.pt\/wp-content\/uploads\/2019\/06\/emades_cartaz_25JUN2019-01-768x1086.png 768w, https:\/\/emades.ubi.pt\/wp-content\/uploads\/2019\/06\/emades_cartaz_25JUN2019-01-724x1024.png 724w\" sizes=\"(max-width: 1755px) 100vw, 1755px\" \/><\/a><\/figure><div class=\"vsel-info\"><p><span style=\"font-weight: 400;\">O III Semin\u00e1rio do EMaDeS vai decorrer na pr\u00f3xima ter\u00e7a-feira, dia 25 de junho, na Sala dos Conselhos da Faculdade de Engenharia da Universidade da Beira Interior (UBI). Esta \u00e9 mais uma forma de dar a conhecer \u00e0 comunidade acad\u00e9mica e ao p\u00fablico em geral os progressos cient\u00edficos alcan\u00e7ados no \u00e2mbito do projeto e os m\u00e9todos de trabalho utilizados. Os oradores deste semin\u00e1rio s\u00e3o Marco da Silva, Pedro Carneiro e Vasily Nikonov, investigadores do EMaDeS. \u00a0<\/span><\/p>\n<\/div><\/div><\/div><div id=\"event-1038\" class=\"vsel-content vsel-past\"><div class=\"vsel-meta vsel-alignleft\" style=\"width:36%;\"><h3 class=\"vsel-meta-title\"><a href=\"https:\/\/emades.ubi.pt\/index.php\/event\/ii-seminario-do-emades\/\" rel=\"bookmark\" title=\"II Semin\u00e1rio do EMaDeS\">II Semin\u00e1rio do EMaDeS<\/a><\/h3><div class=\"vsel-meta-date vsel-meta-single-date\">Data: <span>28\/11\/2018<\/span><\/div><div class=\"vsel-meta-time\">Horas: <span>00:00 - 00:00<\/span><\/div><div class=\"vsel-meta-location\">Local: <span>Faculdade de Engenharia \u2013 Universidade da Beira Interior<\/span><\/div><\/div><div class=\"vsel-info-block vsel-alignright\" style=\"width:60%;\"><figure class=\"vsel-figure vsel-alignright\" style=\"max-width:40%\"><a href=\"https:\/\/emades.ubi.pt\/index.php\/event\/ii-seminario-do-emades\/\" rel=\"bookmark\"><img width=\"655\" height=\"926\" src=\"https:\/\/emades.ubi.pt\/wp-content\/uploads\/2018\/11\/emades_cartaz_28NOV2018-e1558170480342.png\" class=\"vsel-image wp-post-image\" alt=\"emades_cartaz_28NOV2018\" decoding=\"async\" \/><\/a><\/figure><div class=\"vsel-info\"><p>Vai decorrer esta quarta-feira, dia 28 de novembro, na Faculdade de Engenharia da Universidade da Beira Interior (UBI), o II Semin\u00e1rio do EMaDeS. A iniciativa pretende promover, junto da comunidade acad\u00e9mica e do p\u00fablico em geral, os progressos cient\u00edficos que est\u00e3o a ser conseguidos no \u00e2mbito do projeto de investiga\u00e7\u00e3o EMaDeS-Energia, Materiais e Desenvolvimento Sustent\u00e1vel; dar conta dos m\u00e9todos de trabalho usados e consciencializar para a import\u00e2ncia da pesquisa para o desenvolvimento econ\u00f3mico e social da sociedade.<\/p>\n<p><img fetchpriority=\"high\" decoding=\"async\" src=\"http:\/\/www.emades.ubi.pt\/wp-content\/uploads\/2018\/11\/emades_cartaz_28NOV2018-724x1024.png\" alt=\"\" width=\"640\" height=\"105\" \/><\/p>\n<\/div><\/div><\/div><div id=\"event-690\" class=\"vsel-content vsel-past\"><div class=\"vsel-meta vsel-alignleft\" style=\"width:36%;\"><h3 class=\"vsel-meta-title\"><a href=\"https:\/\/emades.ubi.pt\/index.php\/event\/seminario-do-emades\/\" rel=\"bookmark\" title=\"Semin\u00e1rio do EMaDeS\">Semin\u00e1rio do EMaDeS<\/a><\/h3><div class=\"vsel-meta-date vsel-meta-single-date\">Data: <span>14\/11\/2018<\/span><\/div><div class=\"vsel-meta-time\">Horas: <span>00:00 - 00:00<\/span><\/div><div class=\"vsel-meta-location\">Local: <span>Faculdade de Engenharia \u2013 Universidade da Beira Interior<\/span><\/div><\/div><div class=\"vsel-info-block vsel-alignright\" style=\"width:60%;\"><figure class=\"vsel-figure vsel-alignright\" style=\"max-width:40%\"><a href=\"https:\/\/emades.ubi.pt\/index.php\/event\/seminario-do-emades\/\" rel=\"bookmark\"><img width=\"1684\" height=\"2384\" src=\"https:\/\/emades.ubi.pt\/wp-content\/uploads\/2018\/11\/emades_cartaz_14NOV2018.png\" class=\"vsel-image wp-post-image\" alt=\"emades_cartaz_14NOV2018\" decoding=\"async\" srcset=\"https:\/\/emades.ubi.pt\/wp-content\/uploads\/2018\/11\/emades_cartaz_14NOV2018.png 1684w, https:\/\/emades.ubi.pt\/wp-content\/uploads\/2018\/11\/emades_cartaz_14NOV2018-212x300.png 212w, https:\/\/emades.ubi.pt\/wp-content\/uploads\/2018\/11\/emades_cartaz_14NOV2018-768x1087.png 768w, https:\/\/emades.ubi.pt\/wp-content\/uploads\/2018\/11\/emades_cartaz_14NOV2018-723x1024.png 723w\" sizes=\"(max-width: 1684px) 100vw, 1684px\" \/><\/a><\/figure><div class=\"vsel-info\"><p>O Semin\u00e1rio do EMaDeS decorre esta quarta-feira, dia 14 de novembro, na Faculdade de Engenharia da Universidade da Beira Interior (UBI). Com esta iniciativa pretende-se divulgar, junto da comunidade acad\u00e9mica e da sociedade em geral, os progressos cient\u00edficos que est\u00e3o a ser alcan\u00e7ados no \u00e2mbito do projeto de investiga\u00e7\u00e3o EMaDeS- Energia, Materiais e Desenvolvimento Sustent\u00e1vel e os m\u00e9todos de trabalho utilizados. Al\u00e9m disso, procura-se tamb\u00e9m consciencializar para o contributo que esta pesquisa ir\u00e1 dar para melhorar a qualidade de vida da popula\u00e7\u00e3o.<\/p>\n<p><img decoding=\"async\" class=\"alignnone size-full wp-image-688\" src=\"http:\/\/www.emades.ubi.pt\/wp-content\/uploads\/2018\/11\/emades_cartaz_14NOV2018.png\" alt=\"\" width=\"1684\" height=\"2384\" srcset=\"https:\/\/emades.ubi.pt\/wp-content\/uploads\/2018\/11\/emades_cartaz_14NOV2018.png 1684w, https:\/\/emades.ubi.pt\/wp-content\/uploads\/2018\/11\/emades_cartaz_14NOV2018-212x300.png 212w, https:\/\/emades.ubi.pt\/wp-content\/uploads\/2018\/11\/emades_cartaz_14NOV2018-768x1087.png 768w, https:\/\/emades.ubi.pt\/wp-content\/uploads\/2018\/11\/emades_cartaz_14NOV2018-723x1024.png 723w\" sizes=\"(max-width: 1684px) 100vw, 1684px\" \/><\/p>\n<\/div><\/div><\/div><div id=\"event-613\" class=\"vsel-content vsel-past\"><div class=\"vsel-meta vsel-alignleft\" style=\"width:36%;\"><h3 class=\"vsel-meta-title\"><a href=\"https:\/\/emades.ubi.pt\/index.php\/event\/workshop-energia-materiais-e-desenvolvimento-sustentavel-emades-2018\/\" rel=\"bookmark\" title=\"Workshop Energia, Materiais e Desenvolvimento Sustent\u00e1vel &#8211; EMaDeS 2018\">Workshop Energia, Materiais e Desenvolvimento Sustent\u00e1vel &#8211; EMaDeS 2018<\/a><\/h3><div class=\"vsel-meta-date vsel-meta-single-date\">Data: <span>29\/10\/2018<\/span><\/div><div class=\"vsel-meta-time\">Horas: <span>00:00 - 00:00<\/span><\/div><div class=\"vsel-meta-location\">Local: <span>Faculdade de Engenharia \u2013 Universidade da Beira Interior<\/span><\/div><\/div><div class=\"vsel-info-block vsel-alignright\" style=\"width:60%;\"><figure class=\"vsel-figure vsel-alignright\" style=\"max-width:40%\"><a href=\"https:\/\/emades.ubi.pt\/index.php\/event\/workshop-energia-materiais-e-desenvolvimento-sustentavel-emades-2018\/\" rel=\"bookmark\"><img width=\"3508\" height=\"5549\" src=\"https:\/\/emades.ubi.pt\/wp-content\/uploads\/2018\/10\/cartaz-do-wokshop-do-emades.jpg\" class=\"vsel-image wp-post-image\" alt=\"cartaz do wokshop do emades\" decoding=\"async\" srcset=\"https:\/\/emades.ubi.pt\/wp-content\/uploads\/2018\/10\/cartaz-do-wokshop-do-emades.jpg 3508w, https:\/\/emades.ubi.pt\/wp-content\/uploads\/2018\/10\/cartaz-do-wokshop-do-emades-190x300.jpg 190w, https:\/\/emades.ubi.pt\/wp-content\/uploads\/2018\/10\/cartaz-do-wokshop-do-emades-768x1215.jpg 768w, https:\/\/emades.ubi.pt\/wp-content\/uploads\/2018\/10\/cartaz-do-wokshop-do-emades-647x1024.jpg 647w\" sizes=\"(max-width: 3508px) 100vw, 3508px\" \/><\/a><\/figure><div class=\"vsel-info\"><p>O Workshop Energia, Materiais e Desenvolvimento Sustent\u00e1vel &#8211; EMaDeS 2018 decorre no dia 29 de outubro, segunda-feira, na Faculdade de Engenharia da Universidade da Beira Interior (UBI). Esta iniciativa pretende dar a conhecer \u00e0 comunidade acad\u00e9mica e \u00e0 sociedade em geral os resultados\/avan\u00e7os cient\u00edficos que est\u00e3o a ser alcan\u00e7ados no \u00e2mbito do projeto de investiga\u00e7\u00e3o EMaDeS &#8211; Energia, Materiais e Desenvolvimento Sustent\u00e1vel.<\/p>\n<p>O evento tem in\u00edcio \u00e0s 10 horas, no anfiteatro 8.1, com a sess\u00e3o de abertura, que estar\u00e1 a cargo da coordenadora do projecto, Anna Guerman. Seguidamente, os coordenadores dos quatro grupos de trabalho (Melhoria da Efici\u00eancia Energ\u00e9tica em Sistemas e M\u00e1quinas; Materiais Avan\u00e7ados; Otimiza\u00e7\u00e3o do Produto e Inova\u00e7\u00e3o Tecnol\u00f3gica Incluindo Recursos End\u00f3genos e Comunica\u00e7\u00e3o e Dissemina\u00e7\u00e3o) apresentam as tarefas que t\u00eam sido concretizadas no \u00e2mbito deste projeto. Por \u00faltimo, \u00e9 a vez de os investigadores do EMaDeS mostrarem alguns resultados preliminares da investiga\u00e7\u00e3o que se encontram, ainda, a realizar. Desta forma, os membros da equipa ter\u00e3o oportunidade de explicar em que etapa se encontra a pesquisa na qual est\u00e3o a trabalhar, facilitando os fluxos de comunica\u00e7\u00e3o com o p\u00fablico interno e externo. A sess\u00e3o finaliza \u00e0s 17 horas.<\/p>\n<p><img decoding=\"async\" class=\"wp-image-406 size-large alignnone\" src=\"http:\/\/www.emades.ubi.pt\/wp-content\/uploads\/2018\/10\/cartaz-do-wokshop-do-emades-647x1024.jpg\" alt=\"\" width=\"640\" height=\"1013\" srcset=\"https:\/\/emades.ubi.pt\/wp-content\/uploads\/2018\/10\/cartaz-do-wokshop-do-emades-647x1024.jpg 647w, https:\/\/emades.ubi.pt\/wp-content\/uploads\/2018\/10\/cartaz-do-wokshop-do-emades-190x300.jpg 190w, https:\/\/emades.ubi.pt\/wp-content\/uploads\/2018\/10\/cartaz-do-wokshop-do-emades-768x1215.jpg 768w\" sizes=\"(max-width: 640px) 100vw, 640px\" \/><\/p>\n<\/div><\/div><\/div><div class=\"vsel-nav\"><\/div><\/div><\/p>\n","protected":false},"excerpt":{"rendered":"","protected":false},"author":1,"featured_media":0,"parent":20,"menu_order":1,"comment_status":"closed","ping_status":"closed","template":"","meta":[],"_links":{"self":[{"href":"https:\/\/emades.ubi.pt\/index.php\/wp-json\/wp\/v2\/pages\/61"}],"collection":[{"href":"https:\/\/emades.ubi.pt\/index.php\/wp-json\/wp\/v2\/pages"}],"about":[{"href":"https:\/\/emades.ubi.pt\/index.php\/wp-json\/wp\/v2\/types\/page"}],"author":[{"embeddable":true,"href":"https:\/\/emades.ubi.pt\/index.php\/wp-json\/wp\/v2\/users\/1"}],"replies":[{"embeddable":true,"href":"https:\/\/emades.ubi.pt\/index.php\/wp-json\/wp\/v2\/comments?post=61"}],"version-history":[{"count":20,"href":"https:\/\/emades.ubi.pt\/index.php\/wp-json\/wp\/v2\/pages\/61\/revisions"}],"predecessor-version":[{"id":1358,"href":"https:\/\/emades.ubi.pt\/index.php\/wp-json\/wp\/v2\/pages\/61\/revisions\/1358"}],"up":[{"embeddable":true,"href":"https:\/\/emades.ubi.pt\/index.php\/wp-json\/wp\/v2\/pages\/20"}],"wp:attachment":[{"href":"https:\/\/emades.ubi.pt\/index.php\/wp-json\/wp\/v2\/media?parent=61"}],"curies":[{"name":"wp","href":"https:\/\/api.w.org\/{rel}","templated":true}]}}