{"id":63,"date":"2018-03-16T11:43:15","date_gmt":"2018-03-16T11:43:15","guid":{"rendered":"http:\/\/193.136.67.100\/~emades\/?page_id=63"},"modified":"2019-09-17T10:12:00","modified_gmt":"2019-09-17T10:12:00","slug":"industrializacao-regiao-centro","status":"publish","type":"page","link":"https:\/\/emades.ubi.pt\/index.php\/mapa\/industrializacao-regiao-centro\/","title":{"rendered":"Industrializa\u00e7\u00e3o na Regi\u00e3o Centro"},"content":{"rendered":"<p><iframe src=\"https:\/\/www.google.com\/maps\/d\/u\/2\/embed?mid=1V-QwRSj_al6ALcDLZc2srkbjHbB6bDAT\" width=\"1200\" height=\"480\"><\/iframe><\/p>\n","protected":false},"excerpt":{"rendered":"","protected":false},"author":1,"featured_media":0,"parent":24,"menu_order":1,"comment_status":"closed","ping_status":"closed","template":"","meta":[],"_links":{"self":[{"href":"https:\/\/emades.ubi.pt\/index.php\/wp-json\/wp\/v2\/pages\/63"}],"collection":[{"href":"https:\/\/emades.ubi.pt\/index.php\/wp-json\/wp\/v2\/pages"}],"about":[{"href":"https:\/\/emades.ubi.pt\/index.php\/wp-json\/wp\/v2\/types\/page"}],"author":[{"embeddable":true,"href":"https:\/\/emades.ubi.pt\/index.php\/wp-json\/wp\/v2\/users\/1"}],"replies":[{"embeddable":true,"href":"https:\/\/emades.ubi.pt\/index.php\/wp-json\/wp\/v2\/comments?post=63"}],"version-history":[{"count":5,"href":"https:\/\/emades.ubi.pt\/index.php\/wp-json\/wp\/v2\/pages\/63\/revisions"}],"predecessor-version":[{"id":1749,"href":"https:\/\/emades.ubi.pt\/index.php\/wp-json\/wp\/v2\/pages\/63\/revisions\/1749"}],"up":[{"embeddable":true,"href":"https:\/\/emades.ubi.pt\/index.php\/wp-json\/wp\/v2\/pages\/24"}],"wp:attachment":[{"href":"https:\/\/emades.ubi.pt\/index.php\/wp-json\/wp\/v2\/media?parent=63"}],"curies":[{"name":"wp","href":"https:\/\/api.w.org\/{rel}","templated":true}]}}