{"id":67,"date":"2018-03-16T11:44:48","date_gmt":"2018-03-16T11:44:48","guid":{"rendered":"http:\/\/193.136.67.100\/~emades\/?page_id=67"},"modified":"2020-06-12T14:00:53","modified_gmt":"2020-06-12T14:00:53","slug":"comunicacoes","status":"publish","type":"page","link":"https:\/\/emades.ubi.pt\/index.php\/equipa\/comunicacoes\/","title":{"rendered":"Comunica\u00e7\u00f5es"},"content":{"rendered":"\t\t<div data-elementor-type=\"wp-post\" data-elementor-id=\"67\" class=\"elementor elementor-67\">\n\t\t\t\t\t\t<section class=\"elementor-section elementor-top-section elementor-element elementor-element-3899c22f elementor-section-boxed elementor-section-height-default elementor-section-height-default\" data-id=\"3899c22f\" data-element_type=\"section\">\n\t\t\t\t\t\t<div class=\"elementor-container elementor-column-gap-default\">\n\t\t\t\t\t<div class=\"elementor-column elementor-col-100 elementor-top-column elementor-element elementor-element-36fd73c3\" data-id=\"36fd73c3\" data-element_type=\"column\">\n\t\t\t<div class=\"elementor-widget-wrap elementor-element-populated\">\n\t\t\t\t\t\t<div class=\"elementor-element elementor-element-53b0a481 elementor-widget elementor-widget-text-editor\" data-id=\"53b0a481\" data-element_type=\"widget\" data-widget_type=\"text-editor.default\">\n\t\t\t\t<div class=\"elementor-widget-container\">\n\t\t\t\t\t\t\tMelhoria da efici\u00eancia energ\u00e9tica em sistemas e m\u00e1quinas\r\n\r\nMateriais avan\u00e7ados\r\n\r\nOtimiza\u00e7\u00e3o de produtos e inova\u00e7\u00e3o tecnol\u00f3gica incluindo recursos end\u00f3genos\r\n\r\n<a href=\"http:\/\/www.emades.ubi.pt\/index.php\/equipa\/comunicacoes\/comunicacao-e-disseminacao\/\">Comunica\u00e7\u00e3o e Dissemina\u00e7\u00e3o<\/a>\t\t\t\t\t\t<\/div>\n\t\t\t\t<\/div>\n\t\t\t\t\t<\/div>\n\t\t<\/div>\n\t\t\t\t\t<\/div>\n\t\t<\/section>\n\t\t\t\t<section class=\"elementor-section elementor-top-section elementor-element elementor-element-c367703 elementor-section-boxed elementor-section-height-default elementor-section-height-default\" data-id=\"c367703\" data-element_type=\"section\">\n\t\t\t\t\t\t<div class=\"elementor-container elementor-column-gap-default\">\n\t\t\t\t\t<div class=\"elementor-column elementor-col-33 elementor-top-column elementor-element elementor-element-f693b6d\" data-id=\"f693b6d\" data-element_type=\"column\">\n\t\t\t<div class=\"elementor-widget-wrap elementor-element-populated\">\n\t\t\t\t\t\t<div class=\"elementor-element elementor-element-0a16dd6 elementor-widget elementor-widget-image\" data-id=\"0a16dd6\" data-element_type=\"widget\" data-widget_type=\"image.default\">\n\t\t\t\t<div class=\"elementor-widget-container\">\n\t\t\t\t\t\t\t\t\t\t\t\t\t\t<a href=\"http:\/\/www.emades.ubi.pt\/index.php\/equipa\/comunicacoes\/comunicacao-e-disseminacao\/\">\n\t\t\t\t\t\t\t<img fetchpriority=\"high\" decoding=\"async\" width=\"399\" height=\"253\" src=\"https:\/\/emades.ubi.pt\/wp-content\/uploads\/2019\/04\/artigos_Prancheta-1-co\u0301pia-3.png\" class=\"attachment-large size-large wp-image-1222\" alt=\"\" srcset=\"https:\/\/emades.ubi.pt\/wp-content\/uploads\/2019\/04\/artigos_Prancheta-1-co\u0301pia-3.png 399w, https:\/\/emades.ubi.pt\/wp-content\/uploads\/2019\/04\/artigos_Prancheta-1-co\u0301pia-3-300x190.png 300w\" sizes=\"(max-width: 399px) 100vw, 399px\" \/>\t\t\t\t\t\t\t\t<\/a>\n\t\t\t\t\t\t\t\t\t\t\t\t\t<\/div>\n\t\t\t\t<\/div>\n\t\t\t\t\t<\/div>\n\t\t<\/div>\n\t\t\t\t<div class=\"elementor-column elementor-col-33 elementor-top-column elementor-element elementor-element-194d339\" data-id=\"194d339\" data-element_type=\"column\">\n\t\t\t<div class=\"elementor-widget-wrap elementor-element-populated\">\n\t\t\t\t\t\t<div class=\"elementor-element elementor-element-df58e3b elementor-widget__width-auto elementor-widget elementor-widget-image\" data-id=\"df58e3b\" data-element_type=\"widget\" data-widget_type=\"image.default\">\n\t\t\t\t<div class=\"elementor-widget-container\">\n\t\t\t\t\t\t\t\t\t\t\t\t\t<img decoding=\"async\" width=\"399\" height=\"253\" src=\"https:\/\/emades.ubi.pt\/wp-content\/uploads\/2019\/04\/artigos_Prancheta-1.png\" class=\"attachment-large size-large wp-image-1224\" alt=\"\" srcset=\"https:\/\/emades.ubi.pt\/wp-content\/uploads\/2019\/04\/artigos_Prancheta-1.png 399w, https:\/\/emades.ubi.pt\/wp-content\/uploads\/2019\/04\/artigos_Prancheta-1-300x190.png 300w\" sizes=\"(max-width: 399px) 100vw, 399px\" \/>\t\t\t\t\t\t\t\t\t\t\t\t\t<\/div>\n\t\t\t\t<\/div>\n\t\t\t\t\t<\/div>\n\t\t<\/div>\n\t\t\t\t<div class=\"elementor-column elementor-col-33 elementor-top-column elementor-element elementor-element-c4950c5\" data-id=\"c4950c5\" data-element_type=\"column\">\n\t\t\t<div class=\"elementor-widget-wrap elementor-element-populated\">\n\t\t\t\t\t\t<div class=\"elementor-element elementor-element-b8db5be elementor-widget elementor-widget-image\" data-id=\"b8db5be\" data-element_type=\"widget\" data-widget_type=\"image.default\">\n\t\t\t\t<div class=\"elementor-widget-container\">\n\t\t\t\t\t\t\t\t\t\t\t\t\t\t<a href=\"http:\/\/www.emades.ubi.pt\/index.php\/equipa\/comunicacoes\/materiais-avancados\/\">\n\t\t\t\t\t\t\t<img decoding=\"async\" width=\"399\" height=\"253\" src=\"https:\/\/emades.ubi.pt\/wp-content\/uploads\/2019\/04\/artigos_Prancheta-1-co\u0301pia.png\" class=\"attachment-large size-large wp-image-1221\" alt=\"\" srcset=\"https:\/\/emades.ubi.pt\/wp-content\/uploads\/2019\/04\/artigos_Prancheta-1-co\u0301pia.png 399w, https:\/\/emades.ubi.pt\/wp-content\/uploads\/2019\/04\/artigos_Prancheta-1-co\u0301pia-300x190.png 300w\" sizes=\"(max-width: 399px) 100vw, 399px\" \/>\t\t\t\t\t\t\t\t<\/a>\n\t\t\t\t\t\t\t\t\t\t\t\t\t<\/div>\n\t\t\t\t<\/div>\n\t\t\t\t\t<\/div>\n\t\t<\/div>\n\t\t\t\t\t<\/div>\n\t\t<\/section>\n\t\t\t\t<section class=\"elementor-section elementor-top-section elementor-element elementor-element-9bf7c05 elementor-section-boxed elementor-section-height-default elementor-section-height-default\" data-id=\"9bf7c05\" data-element_type=\"section\">\n\t\t\t\t\t\t<div class=\"elementor-container elementor-column-gap-default\">\n\t\t\t\t\t<div class=\"elementor-column elementor-col-33 elementor-top-column elementor-element elementor-element-2b7bf3b\" data-id=\"2b7bf3b\" data-element_type=\"column\">\n\t\t\t<div class=\"elementor-widget-wrap elementor-element-populated\">\n\t\t\t\t\t\t<div class=\"elementor-element elementor-element-c88f159 elementor-widget elementor-widget-image\" data-id=\"c88f159\" data-element_type=\"widget\" data-widget_type=\"image.default\">\n\t\t\t\t<div class=\"elementor-widget-container\">\n\t\t\t\t\t\t\t\t\t\t\t\t\t\t<a href=\"http:\/\/www.emades.ubi.pt\/index.php\/equipa\/comunicacoes\/link-otimizacao-de-produtos-e-inovacao-tecnologica-incluindo-recursos-endogenos\/\">\n\t\t\t\t\t\t\t<img loading=\"lazy\" decoding=\"async\" width=\"399\" height=\"253\" src=\"https:\/\/emades.ubi.pt\/wp-content\/uploads\/2019\/04\/artigos_Prancheta-1-co\u0301pia-2.png\" class=\"attachment-large size-large wp-image-1223\" alt=\"\" srcset=\"https:\/\/emades.ubi.pt\/wp-content\/uploads\/2019\/04\/artigos_Prancheta-1-co\u0301pia-2.png 399w, https:\/\/emades.ubi.pt\/wp-content\/uploads\/2019\/04\/artigos_Prancheta-1-co\u0301pia-2-300x190.png 300w\" sizes=\"(max-width: 399px) 100vw, 399px\" \/>\t\t\t\t\t\t\t\t<\/a>\n\t\t\t\t\t\t\t\t\t\t\t\t\t<\/div>\n\t\t\t\t<\/div>\n\t\t\t\t\t<\/div>\n\t\t<\/div>\n\t\t\t\t<div class=\"elementor-column elementor-col-33 elementor-top-column elementor-element elementor-element-2f5eca5\" data-id=\"2f5eca5\" data-element_type=\"column\">\n\t\t\t<div class=\"elementor-widget-wrap\">\n\t\t\t\t\t\t\t<\/div>\n\t\t<\/div>\n\t\t\t\t<div class=\"elementor-column elementor-col-33 elementor-top-column elementor-element elementor-element-9b52833\" data-id=\"9b52833\" data-element_type=\"column\">\n\t\t\t<div class=\"elementor-widget-wrap\">\n\t\t\t\t\t\t\t<\/div>\n\t\t<\/div>\n\t\t\t\t\t<\/div>\n\t\t<\/section>\n\t\t\t\t<\/div>\n\t\t","protected":false},"excerpt":{"rendered":"<p>Melhoria da efici\u00eancia energ\u00e9tica em sistemas e m\u00e1quinas Materiais avan\u00e7ados Otimiza\u00e7\u00e3o de produtos e inova\u00e7\u00e3o tecnol\u00f3gica incluindo recursos end\u00f3genos Comunica\u00e7\u00e3o e Dissemina\u00e7\u00e3o<\/p>\n","protected":false},"author":1,"featured_media":0,"parent":16,"menu_order":2,"comment_status":"closed","ping_status":"closed","template":"","meta":[],"_links":{"self":[{"href":"https:\/\/emades.ubi.pt\/index.php\/wp-json\/wp\/v2\/pages\/67"}],"collection":[{"href":"https:\/\/emades.ubi.pt\/index.php\/wp-json\/wp\/v2\/pages"}],"about":[{"href":"https:\/\/emades.ubi.pt\/index.php\/wp-json\/wp\/v2\/types\/page"}],"author":[{"embeddable":true,"href":"https:\/\/emades.ubi.pt\/index.php\/wp-json\/wp\/v2\/users\/1"}],"replies":[{"embeddable":true,"href":"https:\/\/emades.ubi.pt\/index.php\/wp-json\/wp\/v2\/comments?post=67"}],"version-history":[{"count":14,"href":"https:\/\/emades.ubi.pt\/index.php\/wp-json\/wp\/v2\/pages\/67\/revisions"}],"predecessor-version":[{"id":1763,"href":"https:\/\/emades.ubi.pt\/index.php\/wp-json\/wp\/v2\/pages\/67\/revisions\/1763"}],"up":[{"embeddable":true,"href":"https:\/\/emades.ubi.pt\/index.php\/wp-json\/wp\/v2\/pages\/16"}],"wp:attachment":[{"href":"https:\/\/emades.ubi.pt\/index.php\/wp-json\/wp\/v2\/media?parent=67"}],"curies":[{"name":"wp","href":"https:\/\/api.w.org\/{rel}","templated":true}]}}